{"id":264,"date":"2024-04-04T11:56:53","date_gmt":"2024-04-04T09:56:53","guid":{"rendered":"http:\/\/webdv.msem.univ-montp2.fr\/?page_id=264"},"modified":"2024-07-02T14:13:21","modified_gmt":"2024-07-02T12:13:21","slug":"recrutement","status":"publish","type":"page","link":"https:\/\/www.hydrosciences.org\/?page_id=264&lang=fr","title":{"rendered":"Recrutement"},"content":{"rendered":"\t\t<div data-elementor-type=\"wp-page\" data-elementor-id=\"264\" class=\"elementor elementor-264\" data-elementor-post-type=\"page\">\n\t\t\t\t\t\t<section class=\"elementor-section elementor-top-section elementor-element elementor-element-23372b16 elementor-section-boxed elementor-section-height-default elementor-section-height-default\" data-id=\"23372b16\" data-element_type=\"section\" data-settings=\"{&quot;background_background&quot;:&quot;classic&quot;}\">\n\t\t\t\t\t\t\t<div class=\"elementor-background-overlay\"><\/div>\n\t\t\t\t\t\t\t<div class=\"elementor-container elementor-column-gap-default\">\n\t\t\t\t\t<div class=\"elementor-column elementor-col-100 elementor-top-column elementor-element elementor-element-44a6aba4\" data-id=\"44a6aba4\" data-element_type=\"column\">\n\t\t\t<div class=\"elementor-widget-wrap elementor-element-populated\">\n\t\t\t\t\t\t<section class=\"elementor-section elementor-inner-section elementor-element elementor-element-e018fb2 elementor-section-boxed elementor-section-height-default elementor-section-height-default\" data-id=\"e018fb2\" data-element_type=\"section\">\n\t\t\t\t\t\t<div class=\"elementor-container elementor-column-gap-narrow\">\n\t\t\t\t\t<div class=\"elementor-column elementor-col-100 elementor-inner-column elementor-element elementor-element-3ff610bb\" data-id=\"3ff610bb\" data-element_type=\"column\">\n\t\t\t<div class=\"elementor-widget-wrap elementor-element-populated\">\n\t\t\t\t\t\t<div class=\"elementor-element elementor-element-7ca1fd30 elementor-widget elementor-widget-heading\" data-id=\"7ca1fd30\" data-element_type=\"widget\" data-widget_type=\"heading.default\">\n\t\t\t\t<div class=\"elementor-widget-container\">\n\t\t\t<h1 class=\"elementor-heading-title elementor-size-default\">Recrutement<\/h1>\t\t<\/div>\n\t\t\t\t<\/div>\n\t\t\t\t<div class=\"elementor-element elementor-element-23dd3e8f elementor-widget-divider--view-line elementor-widget elementor-widget-divider\" data-id=\"23dd3e8f\" data-element_type=\"widget\" data-widget_type=\"divider.default\">\n\t\t\t\t<div class=\"elementor-widget-container\">\n\t\t\t\t\t<div class=\"elementor-divider\">\n\t\t\t<span class=\"elementor-divider-separator\">\n\t\t\t\t\t\t<\/span>\n\t\t<\/div>\n\t\t\t\t<\/div>\n\t\t\t\t<\/div>\n\t\t\t\t\t<\/div>\n\t\t<\/div>\n\t\t\t\t\t<\/div>\n\t\t<\/section>\n\t\t\t\t\t<\/div>\n\t\t<\/div>\n\t\t\t\t\t<\/div>\n\t\t<\/section>\n\t\t\t\t<section class=\"elementor-section elementor-top-section elementor-element elementor-element-3803121d elementor-section-boxed elementor-section-height-default elementor-section-height-default\" data-id=\"3803121d\" data-element_type=\"section\">\n\t\t\t\t\t\t<div class=\"elementor-container elementor-column-gap-default\">\n\t\t\t\t\t<div class=\"elementor-column elementor-col-100 elementor-top-column elementor-element elementor-element-2c3aca74\" data-id=\"2c3aca74\" data-element_type=\"column\">\n\t\t\t<div class=\"elementor-widget-wrap elementor-element-populated\">\n\t\t\t\t\t\t<div class=\"elementor-element elementor-element-477707d5 elementor-widget elementor-widget-elementskit-blog-posts\" data-id=\"477707d5\" data-element_type=\"widget\" data-widget_type=\"elementskit-blog-posts.default\">\n\t\t\t\t<div class=\"elementor-widget-container\">\n\t\t\t<div class=\"ekit-wid-con\" >        <div id=\"post-items--477707d5\" class=\"row post-items\">\n                <\/div>\n       <\/div>\t\t<\/div>\n\t\t\t\t<\/div>\n\t\t\t\t\t<\/div>\n\t\t<\/div>\n\t\t\t\t\t<\/div>\n\t\t<\/section>\n\t\t\t\t<\/div>\n\t\t","protected":false},"excerpt":{"rendered":"<p>Recrutement OFFRE DE POSTE \u2013 ATER Hydrologie et Hydraulique Ann\u00e9e Universitaire 2024-2025. Les enseignements seront donn\u00e9s \u00e0 des futurs ing\u00e9nieurs qui pr\u00e9parent le dipl\u00f4me G\u00e9nie de L\u2019Eau (sp\u00e9cialit\u00e9 EGC et sp\u00e9cialit\u00e9 STE) de la composante Polytech . L\u2019activit\u00e9 de recherche sera d\u00e9velopp\u00e9e au sein de la th\u00e9matique transversale Eau dans la Ville en rattachement \u00e0 &hellip;<\/p>\n<p class=\"read-more\"> <a class=\"\" href=\"https:\/\/www.hydrosciences.org\/?page_id=264&#038;lang=fr\"> <span class=\"screen-reader-text\">Recrutement<\/span> Lire la suite \u00bb<\/a><\/p>\n","protected":false},"author":2,"featured_media":0,"parent":0,"menu_order":0,"comment_status":"closed","ping_status":"closed","template":"","meta":{"site-sidebar-layout":"no-sidebar","site-content-layout":"","ast-site-content-layout":"full-width-container","site-content-style":"default","site-sidebar-style":"default","ast-global-header-display":"","ast-banner-title-visibility":"","ast-main-header-display":"","ast-hfb-above-header-display":"","ast-hfb-below-header-display":"","ast-hfb-mobile-header-display":"","site-post-title":"disabled","ast-breadcrumbs-content":"","ast-featured-img":"disabled","footer-sml-layout":"","theme-transparent-header-meta":"","adv-header-id-meta":"","stick-header-meta":"","header-above-stick-meta":"","header-main-stick-meta":"","header-below-stick-meta":"","astra-migrate-meta-layouts":"","footnotes":""},"class_list":["post-264","page","type-page","status-publish","hentry"],"yoast_head":"<!-- This site is optimized with the Yoast SEO plugin v26.2 - https:\/\/yoast.com\/wordpress\/plugins\/seo\/ -->\n<title>Recrutement - HydroSciences Montpellier<\/title>\n<meta name=\"description\" content=\"Recrutements - Retrouvez toutes les offres d&#039;emplois et de stage vacants \u00e0 HydroSciences Montpellier et rejoignez nos \u00e9quipes\" \/>\n<meta name=\"robots\" content=\"index, follow, max-snippet:-1, max-image-preview:large, max-video-preview:-1\" \/>\n<link rel=\"canonical\" href=\"https:\/\/www.hydrosciences.org\/?page_id=264&lang=fr\" \/>\n<meta property=\"og:locale\" content=\"fr_FR\" \/>\n<meta property=\"og:type\" content=\"article\" \/>\n<meta property=\"og:title\" content=\"Recrutement - HydroSciences Montpellier\" \/>\n<meta property=\"og:description\" content=\"Recrutements - Retrouvez toutes les offres d&#039;emplois et de stage vacants \u00e0 HydroSciences Montpellier et rejoignez nos \u00e9quipes\" \/>\n<meta property=\"og:url\" content=\"https:\/\/www.hydrosciences.org\/?page_id=264&amp;lang=fr\" \/>\n<meta property=\"og:site_name\" content=\"HydroSciences Montpellier\" \/>\n<meta property=\"article:modified_time\" content=\"2024-07-02T12:13:21+00:00\" \/>\n<meta property=\"og:image\" content=\"http:\/\/webdv.msem.univ-montp2.fr\/wp-content\/uploads\/2024\/01\/rephile-water-cuqp2Jzz_lY-unsplash-1024x683.jpg\" \/>\n<meta name=\"twitter:card\" content=\"summary_large_image\" \/>\n<meta name=\"twitter:label1\" content=\"Dur\u00e9e de lecture estim\u00e9e\" \/>\n\t<meta name=\"twitter:data1\" content=\"1 minute\" \/>\n<script type=\"application\/ld+json\" class=\"yoast-schema-graph\">{\"@context\":\"https:\/\/schema.org\",\"@graph\":[{\"@type\":\"WebPage\",\"@id\":\"https:\/\/www.hydrosciences.org\/?page_id=264&lang=fr\",\"url\":\"https:\/\/www.hydrosciences.org\/?page_id=264&lang=fr\",\"name\":\"Recrutement - HydroSciences Montpellier\",\"isPartOf\":{\"@id\":\"https:\/\/www.hydrosciences.org\/#website\"},\"primaryImageOfPage\":{\"@id\":\"https:\/\/www.hydrosciences.org\/?page_id=264&lang=fr#primaryimage\"},\"image\":{\"@id\":\"https:\/\/www.hydrosciences.org\/?page_id=264&lang=fr#primaryimage\"},\"thumbnailUrl\":\"http:\/\/webdv.msem.univ-montp2.fr\/wp-content\/uploads\/2024\/01\/rephile-water-cuqp2Jzz_lY-unsplash-1024x683.jpg\",\"datePublished\":\"2024-04-04T09:56:53+00:00\",\"dateModified\":\"2024-07-02T12:13:21+00:00\",\"description\":\"Recrutements - Retrouvez toutes les offres d'emplois et de stage vacants \u00e0 HydroSciences Montpellier et rejoignez nos \u00e9quipes\",\"breadcrumb\":{\"@id\":\"https:\/\/www.hydrosciences.org\/?page_id=264&lang=fr#breadcrumb\"},\"inLanguage\":\"fr-FR\",\"potentialAction\":[{\"@type\":\"ReadAction\",\"target\":[\"https:\/\/www.hydrosciences.org\/?page_id=264&lang=fr\"]}]},{\"@type\":\"ImageObject\",\"inLanguage\":\"fr-FR\",\"@id\":\"https:\/\/www.hydrosciences.org\/?page_id=264&lang=fr#primaryimage\",\"url\":\"http:\/\/webdv.msem.univ-montp2.fr\/wp-content\/uploads\/2024\/01\/rephile-water-cuqp2Jzz_lY-unsplash-1024x683.jpg\",\"contentUrl\":\"http:\/\/webdv.msem.univ-montp2.fr\/wp-content\/uploads\/2024\/01\/rephile-water-cuqp2Jzz_lY-unsplash-1024x683.jpg\"},{\"@type\":\"BreadcrumbList\",\"@id\":\"https:\/\/www.hydrosciences.org\/?page_id=264&lang=fr#breadcrumb\",\"itemListElement\":[{\"@type\":\"ListItem\",\"position\":1,\"name\":\"Home\",\"item\":\"https:\/\/www.hydrosciences.org\/?lang=fr\"},{\"@type\":\"ListItem\",\"position\":2,\"name\":\"Recrutement\"}]},{\"@type\":\"WebSite\",\"@id\":\"https:\/\/www.hydrosciences.org\/#website\",\"url\":\"https:\/\/www.hydrosciences.org\/\",\"name\":\"HydroSciences Montpellier\",\"description\":\"\",\"publisher\":{\"@id\":\"https:\/\/www.hydrosciences.org\/#organization\"},\"potentialAction\":[{\"@type\":\"SearchAction\",\"target\":{\"@type\":\"EntryPoint\",\"urlTemplate\":\"https:\/\/www.hydrosciences.org\/?s={search_term_string}\"},\"query-input\":{\"@type\":\"PropertyValueSpecification\",\"valueRequired\":true,\"valueName\":\"search_term_string\"}}],\"inLanguage\":\"fr-FR\"},{\"@type\":\"Organization\",\"@id\":\"https:\/\/www.hydrosciences.org\/#organization\",\"name\":\"HydroSciences Montpellier\",\"url\":\"https:\/\/www.hydrosciences.org\/\",\"logo\":{\"@type\":\"ImageObject\",\"inLanguage\":\"fr-FR\",\"@id\":\"https:\/\/www.hydrosciences.org\/#\/schema\/logo\/image\/\",\"url\":\"https:\/\/www.hydrosciences.org\/wp-content\/uploads\/2023\/08\/HSM-Site-Identity.png\",\"contentUrl\":\"https:\/\/www.hydrosciences.org\/wp-content\/uploads\/2023\/08\/HSM-Site-Identity.png\",\"width\":350,\"height\":100,\"caption\":\"HydroSciences Montpellier\"},\"image\":{\"@id\":\"https:\/\/www.hydrosciences.org\/#\/schema\/logo\/image\/\"}}]}<\/script>\n<!-- \/ Yoast SEO plugin. -->","yoast_head_json":{"title":"Recrutement - HydroSciences Montpellier","description":"Recrutements - Retrouvez toutes les offres d'emplois et de stage vacants \u00e0 HydroSciences Montpellier et rejoignez nos \u00e9quipes","robots":{"index":"index","follow":"follow","max-snippet":"max-snippet:-1","max-image-preview":"max-image-preview:large","max-video-preview":"max-video-preview:-1"},"canonical":"https:\/\/www.hydrosciences.org\/?page_id=264&lang=fr","og_locale":"fr_FR","og_type":"article","og_title":"Recrutement - HydroSciences Montpellier","og_description":"Recrutements - Retrouvez toutes les offres d'emplois et de stage vacants \u00e0 HydroSciences Montpellier et rejoignez nos \u00e9quipes","og_url":"https:\/\/www.hydrosciences.org\/?page_id=264&lang=fr","og_site_name":"HydroSciences Montpellier","article_modified_time":"2024-07-02T12:13:21+00:00","og_image":[{"url":"http:\/\/webdv.msem.univ-montp2.fr\/wp-content\/uploads\/2024\/01\/rephile-water-cuqp2Jzz_lY-unsplash-1024x683.jpg","type":"","width":"","height":""}],"twitter_card":"summary_large_image","twitter_misc":{"Dur\u00e9e de lecture estim\u00e9e":"1 minute"},"schema":{"@context":"https:\/\/schema.org","@graph":[{"@type":"WebPage","@id":"https:\/\/www.hydrosciences.org\/?page_id=264&lang=fr","url":"https:\/\/www.hydrosciences.org\/?page_id=264&lang=fr","name":"Recrutement - HydroSciences Montpellier","isPartOf":{"@id":"https:\/\/www.hydrosciences.org\/#website"},"primaryImageOfPage":{"@id":"https:\/\/www.hydrosciences.org\/?page_id=264&lang=fr#primaryimage"},"image":{"@id":"https:\/\/www.hydrosciences.org\/?page_id=264&lang=fr#primaryimage"},"thumbnailUrl":"http:\/\/webdv.msem.univ-montp2.fr\/wp-content\/uploads\/2024\/01\/rephile-water-cuqp2Jzz_lY-unsplash-1024x683.jpg","datePublished":"2024-04-04T09:56:53+00:00","dateModified":"2024-07-02T12:13:21+00:00","description":"Recrutements - Retrouvez toutes les offres d'emplois et de stage vacants \u00e0 HydroSciences Montpellier et rejoignez nos \u00e9quipes","breadcrumb":{"@id":"https:\/\/www.hydrosciences.org\/?page_id=264&lang=fr#breadcrumb"},"inLanguage":"fr-FR","potentialAction":[{"@type":"ReadAction","target":["https:\/\/www.hydrosciences.org\/?page_id=264&lang=fr"]}]},{"@type":"ImageObject","inLanguage":"fr-FR","@id":"https:\/\/www.hydrosciences.org\/?page_id=264&lang=fr#primaryimage","url":"http:\/\/webdv.msem.univ-montp2.fr\/wp-content\/uploads\/2024\/01\/rephile-water-cuqp2Jzz_lY-unsplash-1024x683.jpg","contentUrl":"http:\/\/webdv.msem.univ-montp2.fr\/wp-content\/uploads\/2024\/01\/rephile-water-cuqp2Jzz_lY-unsplash-1024x683.jpg"},{"@type":"BreadcrumbList","@id":"https:\/\/www.hydrosciences.org\/?page_id=264&lang=fr#breadcrumb","itemListElement":[{"@type":"ListItem","position":1,"name":"Home","item":"https:\/\/www.hydrosciences.org\/?lang=fr"},{"@type":"ListItem","position":2,"name":"Recrutement"}]},{"@type":"WebSite","@id":"https:\/\/www.hydrosciences.org\/#website","url":"https:\/\/www.hydrosciences.org\/","name":"HydroSciences Montpellier","description":"","publisher":{"@id":"https:\/\/www.hydrosciences.org\/#organization"},"potentialAction":[{"@type":"SearchAction","target":{"@type":"EntryPoint","urlTemplate":"https:\/\/www.hydrosciences.org\/?s={search_term_string}"},"query-input":{"@type":"PropertyValueSpecification","valueRequired":true,"valueName":"search_term_string"}}],"inLanguage":"fr-FR"},{"@type":"Organization","@id":"https:\/\/www.hydrosciences.org\/#organization","name":"HydroSciences Montpellier","url":"https:\/\/www.hydrosciences.org\/","logo":{"@type":"ImageObject","inLanguage":"fr-FR","@id":"https:\/\/www.hydrosciences.org\/#\/schema\/logo\/image\/","url":"https:\/\/www.hydrosciences.org\/wp-content\/uploads\/2023\/08\/HSM-Site-Identity.png","contentUrl":"https:\/\/www.hydrosciences.org\/wp-content\/uploads\/2023\/08\/HSM-Site-Identity.png","width":350,"height":100,"caption":"HydroSciences Montpellier"},"image":{"@id":"https:\/\/www.hydrosciences.org\/#\/schema\/logo\/image\/"}}]}},"_links":{"self":[{"href":"https:\/\/www.hydrosciences.org\/index.php?rest_route=\/wp\/v2\/pages\/264","targetHints":{"allow":["GET"]}}],"collection":[{"href":"https:\/\/www.hydrosciences.org\/index.php?rest_route=\/wp\/v2\/pages"}],"about":[{"href":"https:\/\/www.hydrosciences.org\/index.php?rest_route=\/wp\/v2\/types\/page"}],"author":[{"embeddable":true,"href":"https:\/\/www.hydrosciences.org\/index.php?rest_route=\/wp\/v2\/users\/2"}],"replies":[{"embeddable":true,"href":"https:\/\/www.hydrosciences.org\/index.php?rest_route=%2Fwp%2Fv2%2Fcomments&post=264"}],"version-history":[{"count":8,"href":"https:\/\/www.hydrosciences.org\/index.php?rest_route=\/wp\/v2\/pages\/264\/revisions"}],"predecessor-version":[{"id":5203,"href":"https:\/\/www.hydrosciences.org\/index.php?rest_route=\/wp\/v2\/pages\/264\/revisions\/5203"}],"wp:attachment":[{"href":"https:\/\/www.hydrosciences.org\/index.php?rest_route=%2Fwp%2Fv2%2Fmedia&parent=264"}],"curies":[{"name":"wp","href":"https:\/\/api.w.org\/{rel}","templated":true}]}}