{"id":5845,"date":"2024-08-01T08:45:43","date_gmt":"2024-08-01T06:45:43","guid":{"rendered":"http:\/\/webdv.msem.univ-montp2.fr\/?page_id=5845"},"modified":"2026-04-27T17:12:13","modified_gmt":"2026-04-27T15:12:13","slug":"localisation","status":"publish","type":"page","link":"https:\/\/www.hydrosciences.org\/?page_id=5845&lang=fr","title":{"rendered":"Localisation"},"content":{"rendered":"\t\t<div data-elementor-type=\"wp-page\" data-elementor-id=\"5845\" class=\"elementor elementor-5845\" data-elementor-post-type=\"page\">\n\t\t\t\t\t\t<section class=\"elementor-section elementor-top-section elementor-element elementor-element-6bf3872 elementor-section-boxed elementor-section-height-default elementor-section-height-default\" data-id=\"6bf3872\" data-element_type=\"section\" data-settings=\"{&quot;background_background&quot;:&quot;classic&quot;}\">\n\t\t\t\t\t\t\t<div class=\"elementor-background-overlay\"><\/div>\n\t\t\t\t\t\t\t<div class=\"elementor-container elementor-column-gap-default\">\n\t\t\t\t\t<div class=\"elementor-column elementor-col-100 elementor-top-column elementor-element elementor-element-e200d98\" data-id=\"e200d98\" data-element_type=\"column\">\n\t\t\t<div class=\"elementor-widget-wrap elementor-element-populated\">\n\t\t\t\t\t\t<section class=\"elementor-section elementor-inner-section elementor-element elementor-element-1d23150 elementor-section-boxed elementor-section-height-default elementor-section-height-default\" data-id=\"1d23150\" data-element_type=\"section\">\n\t\t\t\t\t\t<div class=\"elementor-container elementor-column-gap-narrow\">\n\t\t\t\t\t<div class=\"elementor-column elementor-col-100 elementor-inner-column elementor-element elementor-element-7f8c982\" data-id=\"7f8c982\" data-element_type=\"column\">\n\t\t\t<div class=\"elementor-widget-wrap elementor-element-populated\">\n\t\t\t\t\t\t<div class=\"elementor-element elementor-element-df1c3cf elementor-widget elementor-widget-heading\" data-id=\"df1c3cf\" data-element_type=\"widget\" data-widget_type=\"heading.default\">\n\t\t\t\t<div class=\"elementor-widget-container\">\n\t\t\t<h1 class=\"elementor-heading-title elementor-size-default\">Localisation<\/h1>\t\t<\/div>\n\t\t\t\t<\/div>\n\t\t\t\t<div class=\"elementor-element elementor-element-4d7323a elementor-widget-divider--view-line elementor-widget elementor-widget-divider\" data-id=\"4d7323a\" data-element_type=\"widget\" data-widget_type=\"divider.default\">\n\t\t\t\t<div class=\"elementor-widget-container\">\n\t\t\t\t\t<div class=\"elementor-divider\">\n\t\t\t<span class=\"elementor-divider-separator\">\n\t\t\t\t\t\t<\/span>\n\t\t<\/div>\n\t\t\t\t<\/div>\n\t\t\t\t<\/div>\n\t\t\t\t\t<\/div>\n\t\t<\/div>\n\t\t\t\t\t<\/div>\n\t\t<\/section>\n\t\t\t\t<div class=\"elementor-element elementor-element-edc8347 elementor-widget__width-initial elementor-widget-tablet__width-initial elementor-shape-rounded elementor-grid-0 e-grid-align-center elementor-widget elementor-widget-social-icons\" data-id=\"edc8347\" data-element_type=\"widget\" data-widget_type=\"social-icons.default\">\n\t\t\t\t<div class=\"elementor-widget-container\">\n\t\t\t\t\t<div class=\"elementor-social-icons-wrapper elementor-grid\">\n\t\t\t\t\t\t\t<span class=\"elementor-grid-item\">\n\t\t\t\t\t<a class=\"elementor-icon elementor-social-icon elementor-social-icon-facebook-f elementor-repeater-item-6f2d47a\" href=\"https:\/\/www.facebook.com\/HydroSciencesMontpellier\" target=\"_blank\">\n\t\t\t\t\t\t<span class=\"elementor-screen-only\">Facebook-f<\/span>\n\t\t\t\t\t\t<svg class=\"e-font-icon-svg e-fab-facebook-f\" viewBox=\"0 0 320 512\" xmlns=\"http:\/\/www.w3.org\/2000\/svg\"><path d=\"M279.14 288l14.22-92.66h-88.91v-60.13c0-25.35 12.42-50.06 52.24-50.06h40.42V6.26S260.43 0 225.36 0c-73.22 0-121.08 44.38-121.08 124.72v70.62H22.89V288h81.39v224h100.17V288z\"><\/path><\/svg>\t\t\t\t\t<\/a>\n\t\t\t\t<\/span>\n\t\t\t\t\t\t\t<span class=\"elementor-grid-item\">\n\t\t\t\t\t<a class=\"elementor-icon elementor-social-icon elementor-social-icon-linkedin elementor-repeater-item-0041602\" href=\"https:\/\/www.linkedin.com\/company\/hydrosciences-montpellier\/\" target=\"_blank\">\n\t\t\t\t\t\t<span class=\"elementor-screen-only\">Linkedin<\/span>\n\t\t\t\t\t\t<svg class=\"e-font-icon-svg e-fab-linkedin\" viewBox=\"0 0 448 512\" xmlns=\"http:\/\/www.w3.org\/2000\/svg\"><path d=\"M416 32H31.9C14.3 32 0 46.5 0 64.3v383.4C0 465.5 14.3 480 31.9 480H416c17.6 0 32-14.5 32-32.3V64.3c0-17.8-14.4-32.3-32-32.3zM135.4 416H69V202.2h66.5V416zm-33.2-243c-21.3 0-38.5-17.3-38.5-38.5S80.9 96 102.2 96c21.2 0 38.5 17.3 38.5 38.5 0 21.3-17.2 38.5-38.5 38.5zm282.1 243h-66.4V312c0-24.8-.5-56.7-34.5-56.7-34.6 0-39.9 27-39.9 54.9V416h-66.4V202.2h63.7v29.2h.9c8.9-16.8 30.6-34.5 62.9-34.5 67.2 0 79.7 44.3 79.7 101.9V416z\"><\/path><\/svg>\t\t\t\t\t<\/a>\n\t\t\t\t<\/span>\n\t\t\t\t\t\t\t<span class=\"elementor-grid-item\">\n\t\t\t\t\t<a class=\"elementor-icon elementor-social-icon elementor-social-icon-youtube elementor-repeater-item-48bf48d\" href=\"https:\/\/www.youtube.com\/@hydrosciencesmontpellier8809\" target=\"_blank\">\n\t\t\t\t\t\t<span class=\"elementor-screen-only\">Youtube<\/span>\n\t\t\t\t\t\t<svg class=\"e-font-icon-svg e-fab-youtube\" viewBox=\"0 0 576 512\" xmlns=\"http:\/\/www.w3.org\/2000\/svg\"><path d=\"M549.655 124.083c-6.281-23.65-24.787-42.276-48.284-48.597C458.781 64 288 64 288 64S117.22 64 74.629 75.486c-23.497 6.322-42.003 24.947-48.284 48.597-11.412 42.867-11.412 132.305-11.412 132.305s0 89.438 11.412 132.305c6.281 23.65 24.787 41.5 48.284 47.821C117.22 448 288 448 288 448s170.78 0 213.371-11.486c23.497-6.321 42.003-24.171 48.284-47.821 11.412-42.867 11.412-132.305 11.412-132.305s0-89.438-11.412-132.305zm-317.51 213.508V175.185l142.739 81.205-142.739 81.201z\"><\/path><\/svg>\t\t\t\t\t<\/a>\n\t\t\t\t<\/span>\n\t\t\t\t\t<\/div>\n\t\t\t\t<\/div>\n\t\t\t\t<\/div>\n\t\t\t\t<div class=\"elementor-element elementor-element-096cfb0 elementor-widget__width-initial elementor-widget elementor-widget-image\" data-id=\"096cfb0\" data-element_type=\"widget\" data-widget_type=\"image.default\">\n\t\t\t\t<div class=\"elementor-widget-container\">\n\t\t\t\t\t\t\t\t\t\t\t\t\t\t<a href=\"http:\/\/eepurl.com\/hghnS5\">\n\t\t\t\t\t\t\t<img decoding=\"async\" width=\"191\" height=\"179\" src=\"https:\/\/www.hydrosciences.org\/wp-content\/uploads\/2024\/08\/news-letter-1.jpg\" class=\"attachment-large size-large wp-image-6030\" alt=\"\" \/>\t\t\t\t\t\t\t\t<\/a>\n\t\t\t\t\t\t\t\t\t\t\t\t\t<\/div>\n\t\t\t\t<\/div>\n\t\t\t\t\t<\/div>\n\t\t<\/div>\n\t\t\t\t\t<\/div>\n\t\t<\/section>\n\t\t\t\t<section class=\"elementor-section elementor-top-section elementor-element elementor-element-6d5349f elementor-section-boxed elementor-section-height-default elementor-section-height-default\" data-id=\"6d5349f\" data-element_type=\"section\">\n\t\t\t\t\t\t<div class=\"elementor-container elementor-column-gap-default\">\n\t\t\t\t\t<div class=\"elementor-column elementor-col-100 elementor-top-column elementor-element elementor-element-c80c2fb\" data-id=\"c80c2fb\" data-element_type=\"column\">\n\t\t\t<div class=\"elementor-widget-wrap elementor-element-populated\">\n\t\t\t\t\t\t<div class=\"elementor-element elementor-element-5bd6473 elementor-widget elementor-widget-text-editor\" data-id=\"5bd6473\" data-element_type=\"widget\" data-widget_type=\"text-editor.default\">\n\t\t\t\t<div class=\"elementor-widget-container\">\n\t\t\t\t\t\t\t<h2>Sites HSM<\/h2>\t\t\t\t\t\t<\/div>\n\t\t\t\t<\/div>\n\t\t\t\t\t<\/div>\n\t\t<\/div>\n\t\t\t\t\t<\/div>\n\t\t<\/section>\n\t\t<div class=\"elementor-element elementor-element-57a351c e-flex e-con-boxed e-con e-parent\" data-id=\"57a351c\" data-element_type=\"container\">\n\t\t\t\t\t<div class=\"e-con-inner\">\n\t\t\t\t<div class=\"elementor-element elementor-element-cd2b88d elementor-widget elementor-widget-text-editor\" data-id=\"cd2b88d\" data-element_type=\"widget\" data-widget_type=\"text-editor.default\">\n\t\t\t\t<div class=\"elementor-widget-container\">\n\t\t\t\t\t\t\t<p>\u00a0<\/p><p style=\"text-align: center;\"><b>Adresse HydroSciences Montpellier :<\/b><\/p><p><strong>UMR HydroSciences <\/strong>Facult\u00e9 des Sciences Pharmaceutiques et Biologiques, Universit\u00e9 de Montpellier- B\u00e2timent K \u00ab\u00a0Hydropolis\u00a0\u00bb &#8211; 15 avenue Charles Flahault \u2013 CS 14491<\/p><p>34093 Montpellier Cedex 05 \u2013 France<\/p><p style=\"text-align: center;\">CC 800<br \/><strong>Tel:<\/strong> +33 (04) 49 33 82 82<\/p>\t\t\t\t\t\t<\/div>\n\t\t\t\t<\/div>\n\t\t\t\t\t<\/div>\n\t\t\t\t<\/div>\n\t\t\t\t<section class=\"elementor-section elementor-inner-section elementor-element elementor-element-1befc8e elementor-section-boxed elementor-section-height-default elementor-section-height-default\" data-id=\"1befc8e\" data-element_type=\"section\">\n\t\t\t\t\t\t<div class=\"elementor-container elementor-column-gap-default\">\n\t\t\t\t\t<div class=\"elementor-column elementor-col-50 elementor-inner-column elementor-element elementor-element-32f5c6b\" data-id=\"32f5c6b\" data-element_type=\"column\">\n\t\t\t<div class=\"elementor-widget-wrap elementor-element-populated\">\n\t\t\t\t\t\t<div class=\"elementor-element elementor-element-8c35f53 elementor-widget__width-initial elementor-widget elementor-widget-google_maps\" data-id=\"8c35f53\" data-element_type=\"widget\" data-widget_type=\"google_maps.default\">\n\t\t\t\t<div class=\"elementor-widget-container\">\n\t\t\t\t\t<div class=\"elementor-custom-embed\">\n\t\t\t<iframe loading=\"lazy\"\n\t\t\t\t\tsrc=\"https:\/\/maps.google.com\/maps?q=HydroSciences%20Montpellier%2C%2015%20Av.%20Charles%20Flahault%2C%2034093%20Montpellier%20Cedex%2005&#038;t=m&#038;z=12&#038;output=embed&#038;iwloc=near\"\n\t\t\t\t\ttitle=\"HydroSciences Montpellier, 15 Av. Charles Flahault, 34093 Montpellier Cedex 05\"\n\t\t\t\t\taria-label=\"HydroSciences Montpellier, 15 Av. Charles Flahault, 34093 Montpellier Cedex 05\"\n\t\t\t><\/iframe>\n\t\t<\/div>\n\t\t\t\t<\/div>\n\t\t\t\t<\/div>\n\t\t\t\t\t<\/div>\n\t\t<\/div>\n\t\t\t\t<div class=\"elementor-column elementor-col-50 elementor-inner-column elementor-element elementor-element-2ec2ad2\" data-id=\"2ec2ad2\" data-element_type=\"column\">\n\t\t\t<div class=\"elementor-widget-wrap elementor-element-populated\">\n\t\t\t\t\t\t<div class=\"elementor-element elementor-element-5f0462d elementor-widget elementor-widget-text-editor\" data-id=\"5f0462d\" data-element_type=\"widget\" data-widget_type=\"text-editor.default\">\n\t\t\t\t<div class=\"elementor-widget-container\">\n\t\t\t\t\t\t\t<p>\u00a0<\/p><p><b>localisation 1: <\/b>B\u00e2timent K \u00ab\u00a0Hydropolis\u00a0\u00bb, Campus Pharmacie<br \/><b>localisation<\/b> <b>2:<\/b> Equipes PhySe et ContEm B\u00e2timent C (2\u00e8me \u00e9tage) et B\u00e2timent D (RdC), Campus Pharmacie<\/p>\t\t\t\t\t\t<\/div>\n\t\t\t\t<\/div>\n\t\t\t\t\t<\/div>\n\t\t<\/div>\n\t\t\t\t\t<\/div>\n\t\t<\/section>\n\t\t<div class=\"elementor-element elementor-element-af443cc e-flex e-con-boxed e-con e-parent\" data-id=\"af443cc\" data-element_type=\"container\">\n\t\t\t\t\t<div class=\"e-con-inner\">\n\t\t\t\t<div class=\"elementor-element elementor-element-6842fce elementor-widget elementor-widget-image\" data-id=\"6842fce\" data-element_type=\"widget\" data-widget_type=\"image.default\">\n\t\t\t\t<div class=\"elementor-widget-container\">\n\t\t\t\t\t\t\t\t\t\t\t\t\t<img fetchpriority=\"high\" decoding=\"async\" width=\"1024\" height=\"964\" src=\"https:\/\/www.hydrosciences.org\/wp-content\/uploads\/2025\/02\/plan-acces-batiment-hydropolisFev2025-1024x964.jpg\" class=\"attachment-large size-large wp-image-9101\" alt=\"\" srcset=\"https:\/\/www.hydrosciences.org\/wp-content\/uploads\/2025\/02\/plan-acces-batiment-hydropolisFev2025-1024x964.jpg 1024w, https:\/\/www.hydrosciences.org\/wp-content\/uploads\/2025\/02\/plan-acces-batiment-hydropolisFev2025-300x282.jpg 300w, https:\/\/www.hydrosciences.org\/wp-content\/uploads\/2025\/02\/plan-acces-batiment-hydropolisFev2025-768x723.jpg 768w, https:\/\/www.hydrosciences.org\/wp-content\/uploads\/2025\/02\/plan-acces-batiment-hydropolisFev2025.jpg 1206w\" sizes=\"(max-width: 1024px) 100vw, 1024px\" \/>\t\t\t\t\t\t\t\t\t\t\t\t\t<\/div>\n\t\t\t\t<\/div>\n\t\t\t\t\t<\/div>\n\t\t\t\t<\/div>\n\t\t<div class=\"elementor-element elementor-element-1bc140b e-grid e-con-boxed e-con e-parent\" data-id=\"1bc140b\" data-element_type=\"container\">\n\t\t\t\t\t<div class=\"e-con-inner\">\n\t\t\t\t<div class=\"elementor-element elementor-element-fb47963 elementor-widget elementor-widget-image\" data-id=\"fb47963\" data-element_type=\"widget\" data-widget_type=\"image.default\">\n\t\t\t\t<div class=\"elementor-widget-container\">\n\t\t\t\t\t\t\t\t\t\t\t\t\t<img decoding=\"async\" width=\"638\" height=\"525\" src=\"https:\/\/www.hydrosciences.org\/wp-content\/uploads\/2026\/04\/imt-ales.jpg\" class=\"attachment-large size-large wp-image-10788\" alt=\"\" srcset=\"https:\/\/www.hydrosciences.org\/wp-content\/uploads\/2026\/04\/imt-ales.jpg 638w, https:\/\/www.hydrosciences.org\/wp-content\/uploads\/2026\/04\/imt-ales-300x247.jpg 300w\" sizes=\"(max-width: 638px) 100vw, 638px\" \/>\t\t\t\t\t\t\t\t\t\t\t\t\t<\/div>\n\t\t\t\t<\/div>\n\t\t<div class=\"elementor-element elementor-element-42f21e6 e-con-full e-flex e-con e-child\" data-id=\"42f21e6\" data-element_type=\"container\">\n\t\t\t\t<div class=\"elementor-element elementor-element-2966ebb elementor-widget elementor-widget-text-editor\" data-id=\"2966ebb\" data-element_type=\"widget\" data-widget_type=\"text-editor.default\">\n\t\t\t\t<div class=\"elementor-widget-container\">\n\t\t\t\t\t\t\t<p>\u00a0<\/p><p><strong>localisation 3<\/strong>: IMT Mines Al\u00e8s, Centre de Recherche et d\u2019Enseignement sur l\u2019Environnement et les Risques,<br \/>7 Rue Jules Renard 30100 ALES<br \/><strong>Adresse postale<\/strong>:<br \/>IMT Mines Al\u00e8s, 6 Avenue de Clavi\u00e8res<br \/>30319 ALES CEDEX<\/p>\t\t\t\t\t\t<\/div>\n\t\t\t\t<\/div>\n\t\t\t\t<\/div>\n\t\t\t\t\t<\/div>\n\t\t\t\t<\/div>\n\t\t\t\t<\/div>\n\t\t","protected":false},"excerpt":{"rendered":"<p>Localisation Facebook-f Linkedin Youtube Sites HSM \u00a0 Adresse HydroSciences Montpellier : UMR HydroSciences Facult\u00e9 des Sciences Pharmaceutiques et Biologiques, Universit\u00e9 de Montpellier- B\u00e2timent K \u00ab\u00a0Hydropolis\u00a0\u00bb &#8211; 15 avenue Charles Flahault \u2013 CS 14491 34093 Montpellier Cedex 05 \u2013 France CC 800Tel: +33 (04) 49 33 82 82 \u00a0 localisation 1: B\u00e2timent K \u00ab\u00a0Hydropolis\u00a0\u00bb, Campus Pharmacielocalisation &hellip;<\/p>\n<p class=\"read-more\"> <a class=\"\" href=\"https:\/\/www.hydrosciences.org\/?page_id=5845&#038;lang=fr\"> <span class=\"screen-reader-text\">Localisation<\/span> Lire la suite \u00bb<\/a><\/p>\n","protected":false},"author":1,"featured_media":0,"parent":0,"menu_order":0,"comment_status":"closed","ping_status":"closed","template":"","meta":{"site-sidebar-layout":"no-sidebar","site-content-layout":"","ast-site-content-layout":"full-width-container","site-content-style":"default","site-sidebar-style":"default","ast-global-header-display":"","ast-banner-title-visibility":"","ast-main-header-display":"","ast-hfb-above-header-display":"","ast-hfb-below-header-display":"","ast-hfb-mobile-header-display":"","site-post-title":"disabled","ast-breadcrumbs-content":"","ast-featured-img":"disabled","footer-sml-layout":"","theme-transparent-header-meta":"","adv-header-id-meta":"","stick-header-meta":"","header-above-stick-meta":"","header-main-stick-meta":"","header-below-stick-meta":"","astra-migrate-meta-layouts":"","footnotes":""},"class_list":["post-5845","page","type-page","status-publish","hentry"],"yoast_head":"<!-- This site is optimized with the Yoast SEO plugin v26.2 - https:\/\/yoast.com\/wordpress\/plugins\/seo\/ -->\n<title>Localisation - HydroSciences Montpellier<\/title>\n<meta name=\"robots\" content=\"index, follow, max-snippet:-1, max-image-preview:large, max-video-preview:-1\" \/>\n<link rel=\"canonical\" href=\"https:\/\/www.hydrosciences.org\/?page_id=5845&lang=fr\" \/>\n<meta property=\"og:locale\" content=\"fr_FR\" \/>\n<meta property=\"og:type\" content=\"article\" \/>\n<meta property=\"og:title\" content=\"Localisation - HydroSciences Montpellier\" \/>\n<meta property=\"og:description\" content=\"Localisation Facebook-f Linkedin Youtube Sites HSM \u00a0 Adresse HydroSciences Montpellier : UMR HydroSciences Facult\u00e9 des Sciences Pharmaceutiques et Biologiques, Universit\u00e9 de Montpellier- B\u00e2timent K \u00ab\u00a0Hydropolis\u00a0\u00bb &#8211; 15 avenue Charles Flahault \u2013 CS 14491 34093 Montpellier Cedex 05 \u2013 France CC 800Tel: +33 (04) 49 33 82 82 \u00a0 localisation 1: B\u00e2timent K \u00ab\u00a0Hydropolis\u00a0\u00bb, Campus Pharmacielocalisation &hellip; Localisation Lire la suite \u00bb\" \/>\n<meta property=\"og:url\" content=\"https:\/\/www.hydrosciences.org\/?page_id=5845&amp;lang=fr\" \/>\n<meta property=\"og:site_name\" content=\"HydroSciences Montpellier\" \/>\n<meta property=\"article:modified_time\" content=\"2026-04-27T15:12:13+00:00\" \/>\n<meta property=\"og:image\" content=\"http:\/\/www.hydrosciences.org\/wp-content\/uploads\/2024\/08\/news-letter-1.jpg\" \/>\n<meta name=\"twitter:card\" content=\"summary_large_image\" \/>\n<meta name=\"twitter:label1\" content=\"Dur\u00e9e de lecture estim\u00e9e\" \/>\n\t<meta name=\"twitter:data1\" content=\"2 minutes\" \/>\n<script type=\"application\/ld+json\" class=\"yoast-schema-graph\">{\"@context\":\"https:\/\/schema.org\",\"@graph\":[{\"@type\":\"WebPage\",\"@id\":\"https:\/\/www.hydrosciences.org\/?page_id=5845&lang=fr\",\"url\":\"https:\/\/www.hydrosciences.org\/?page_id=5845&lang=fr\",\"name\":\"Localisation - HydroSciences Montpellier\",\"isPartOf\":{\"@id\":\"https:\/\/www.hydrosciences.org\/#website\"},\"primaryImageOfPage\":{\"@id\":\"https:\/\/www.hydrosciences.org\/?page_id=5845&lang=fr#primaryimage\"},\"image\":{\"@id\":\"https:\/\/www.hydrosciences.org\/?page_id=5845&lang=fr#primaryimage\"},\"thumbnailUrl\":\"http:\/\/www.hydrosciences.org\/wp-content\/uploads\/2024\/08\/news-letter-1.jpg\",\"datePublished\":\"2024-08-01T06:45:43+00:00\",\"dateModified\":\"2026-04-27T15:12:13+00:00\",\"breadcrumb\":{\"@id\":\"https:\/\/www.hydrosciences.org\/?page_id=5845&lang=fr#breadcrumb\"},\"inLanguage\":\"fr-FR\",\"potentialAction\":[{\"@type\":\"ReadAction\",\"target\":[\"https:\/\/www.hydrosciences.org\/?page_id=5845&lang=fr\"]}]},{\"@type\":\"ImageObject\",\"inLanguage\":\"fr-FR\",\"@id\":\"https:\/\/www.hydrosciences.org\/?page_id=5845&lang=fr#primaryimage\",\"url\":\"http:\/\/www.hydrosciences.org\/wp-content\/uploads\/2024\/08\/news-letter-1.jpg\",\"contentUrl\":\"http:\/\/www.hydrosciences.org\/wp-content\/uploads\/2024\/08\/news-letter-1.jpg\"},{\"@type\":\"BreadcrumbList\",\"@id\":\"https:\/\/www.hydrosciences.org\/?page_id=5845&lang=fr#breadcrumb\",\"itemListElement\":[{\"@type\":\"ListItem\",\"position\":1,\"name\":\"Home\",\"item\":\"https:\/\/www.hydrosciences.org\/?lang=fr\"},{\"@type\":\"ListItem\",\"position\":2,\"name\":\"Localisation\"}]},{\"@type\":\"WebSite\",\"@id\":\"https:\/\/www.hydrosciences.org\/#website\",\"url\":\"https:\/\/www.hydrosciences.org\/\",\"name\":\"HydroSciences Montpellier\",\"description\":\"\",\"publisher\":{\"@id\":\"https:\/\/www.hydrosciences.org\/#organization\"},\"potentialAction\":[{\"@type\":\"SearchAction\",\"target\":{\"@type\":\"EntryPoint\",\"urlTemplate\":\"https:\/\/www.hydrosciences.org\/?s={search_term_string}\"},\"query-input\":{\"@type\":\"PropertyValueSpecification\",\"valueRequired\":true,\"valueName\":\"search_term_string\"}}],\"inLanguage\":\"fr-FR\"},{\"@type\":\"Organization\",\"@id\":\"https:\/\/www.hydrosciences.org\/#organization\",\"name\":\"HydroSciences Montpellier\",\"url\":\"https:\/\/www.hydrosciences.org\/\",\"logo\":{\"@type\":\"ImageObject\",\"inLanguage\":\"fr-FR\",\"@id\":\"https:\/\/www.hydrosciences.org\/#\/schema\/logo\/image\/\",\"url\":\"https:\/\/www.hydrosciences.org\/wp-content\/uploads\/2023\/08\/HSM-Site-Identity.png\",\"contentUrl\":\"https:\/\/www.hydrosciences.org\/wp-content\/uploads\/2023\/08\/HSM-Site-Identity.png\",\"width\":350,\"height\":100,\"caption\":\"HydroSciences Montpellier\"},\"image\":{\"@id\":\"https:\/\/www.hydrosciences.org\/#\/schema\/logo\/image\/\"}}]}<\/script>\n<!-- \/ Yoast SEO plugin. -->","yoast_head_json":{"title":"Localisation - HydroSciences Montpellier","robots":{"index":"index","follow":"follow","max-snippet":"max-snippet:-1","max-image-preview":"max-image-preview:large","max-video-preview":"max-video-preview:-1"},"canonical":"https:\/\/www.hydrosciences.org\/?page_id=5845&lang=fr","og_locale":"fr_FR","og_type":"article","og_title":"Localisation - HydroSciences Montpellier","og_description":"Localisation Facebook-f Linkedin Youtube Sites HSM \u00a0 Adresse HydroSciences Montpellier : UMR HydroSciences Facult\u00e9 des Sciences Pharmaceutiques et Biologiques, Universit\u00e9 de Montpellier- B\u00e2timent K \u00ab\u00a0Hydropolis\u00a0\u00bb &#8211; 15 avenue Charles Flahault \u2013 CS 14491 34093 Montpellier Cedex 05 \u2013 France CC 800Tel: +33 (04) 49 33 82 82 \u00a0 localisation 1: B\u00e2timent K \u00ab\u00a0Hydropolis\u00a0\u00bb, Campus Pharmacielocalisation &hellip; Localisation Lire la suite \u00bb","og_url":"https:\/\/www.hydrosciences.org\/?page_id=5845&lang=fr","og_site_name":"HydroSciences Montpellier","article_modified_time":"2026-04-27T15:12:13+00:00","og_image":[{"url":"http:\/\/www.hydrosciences.org\/wp-content\/uploads\/2024\/08\/news-letter-1.jpg","type":"","width":"","height":""}],"twitter_card":"summary_large_image","twitter_misc":{"Dur\u00e9e de lecture estim\u00e9e":"2 minutes"},"schema":{"@context":"https:\/\/schema.org","@graph":[{"@type":"WebPage","@id":"https:\/\/www.hydrosciences.org\/?page_id=5845&lang=fr","url":"https:\/\/www.hydrosciences.org\/?page_id=5845&lang=fr","name":"Localisation - HydroSciences Montpellier","isPartOf":{"@id":"https:\/\/www.hydrosciences.org\/#website"},"primaryImageOfPage":{"@id":"https:\/\/www.hydrosciences.org\/?page_id=5845&lang=fr#primaryimage"},"image":{"@id":"https:\/\/www.hydrosciences.org\/?page_id=5845&lang=fr#primaryimage"},"thumbnailUrl":"http:\/\/www.hydrosciences.org\/wp-content\/uploads\/2024\/08\/news-letter-1.jpg","datePublished":"2024-08-01T06:45:43+00:00","dateModified":"2026-04-27T15:12:13+00:00","breadcrumb":{"@id":"https:\/\/www.hydrosciences.org\/?page_id=5845&lang=fr#breadcrumb"},"inLanguage":"fr-FR","potentialAction":[{"@type":"ReadAction","target":["https:\/\/www.hydrosciences.org\/?page_id=5845&lang=fr"]}]},{"@type":"ImageObject","inLanguage":"fr-FR","@id":"https:\/\/www.hydrosciences.org\/?page_id=5845&lang=fr#primaryimage","url":"http:\/\/www.hydrosciences.org\/wp-content\/uploads\/2024\/08\/news-letter-1.jpg","contentUrl":"http:\/\/www.hydrosciences.org\/wp-content\/uploads\/2024\/08\/news-letter-1.jpg"},{"@type":"BreadcrumbList","@id":"https:\/\/www.hydrosciences.org\/?page_id=5845&lang=fr#breadcrumb","itemListElement":[{"@type":"ListItem","position":1,"name":"Home","item":"https:\/\/www.hydrosciences.org\/?lang=fr"},{"@type":"ListItem","position":2,"name":"Localisation"}]},{"@type":"WebSite","@id":"https:\/\/www.hydrosciences.org\/#website","url":"https:\/\/www.hydrosciences.org\/","name":"HydroSciences Montpellier","description":"","publisher":{"@id":"https:\/\/www.hydrosciences.org\/#organization"},"potentialAction":[{"@type":"SearchAction","target":{"@type":"EntryPoint","urlTemplate":"https:\/\/www.hydrosciences.org\/?s={search_term_string}"},"query-input":{"@type":"PropertyValueSpecification","valueRequired":true,"valueName":"search_term_string"}}],"inLanguage":"fr-FR"},{"@type":"Organization","@id":"https:\/\/www.hydrosciences.org\/#organization","name":"HydroSciences Montpellier","url":"https:\/\/www.hydrosciences.org\/","logo":{"@type":"ImageObject","inLanguage":"fr-FR","@id":"https:\/\/www.hydrosciences.org\/#\/schema\/logo\/image\/","url":"https:\/\/www.hydrosciences.org\/wp-content\/uploads\/2023\/08\/HSM-Site-Identity.png","contentUrl":"https:\/\/www.hydrosciences.org\/wp-content\/uploads\/2023\/08\/HSM-Site-Identity.png","width":350,"height":100,"caption":"HydroSciences Montpellier"},"image":{"@id":"https:\/\/www.hydrosciences.org\/#\/schema\/logo\/image\/"}}]}},"_links":{"self":[{"href":"https:\/\/www.hydrosciences.org\/index.php?rest_route=\/wp\/v2\/pages\/5845","targetHints":{"allow":["GET"]}}],"collection":[{"href":"https:\/\/www.hydrosciences.org\/index.php?rest_route=\/wp\/v2\/pages"}],"about":[{"href":"https:\/\/www.hydrosciences.org\/index.php?rest_route=\/wp\/v2\/types\/page"}],"author":[{"embeddable":true,"href":"https:\/\/www.hydrosciences.org\/index.php?rest_route=\/wp\/v2\/users\/1"}],"replies":[{"embeddable":true,"href":"https:\/\/www.hydrosciences.org\/index.php?rest_route=%2Fwp%2Fv2%2Fcomments&post=5845"}],"version-history":[{"count":139,"href":"https:\/\/www.hydrosciences.org\/index.php?rest_route=\/wp\/v2\/pages\/5845\/revisions"}],"predecessor-version":[{"id":10810,"href":"https:\/\/www.hydrosciences.org\/index.php?rest_route=\/wp\/v2\/pages\/5845\/revisions\/10810"}],"wp:attachment":[{"href":"https:\/\/www.hydrosciences.org\/index.php?rest_route=%2Fwp%2Fv2%2Fmedia&parent=5845"}],"curies":[{"name":"wp","href":"https:\/\/api.w.org\/{rel}","templated":true}]}}