{"id":6795,"date":"2024-10-29T13:52:01","date_gmt":"2024-10-29T12:52:01","guid":{"rendered":"http:\/\/webdv.msem.univ-montp2.fr\/?page_id=6795"},"modified":"2024-10-29T13:52:49","modified_gmt":"2024-10-29T12:52:49","slug":"current-doctorates","status":"publish","type":"page","link":"https:\/\/www.hydrosciences.org\/?page_id=6795&lang=en","title":{"rendered":"Current doctorates"},"content":{"rendered":"\t\t<div data-elementor-type=\"wp-page\" data-elementor-id=\"6795\" class=\"elementor elementor-6795\" data-elementor-post-type=\"page\">\n\t\t\t\t\t\t<section class=\"elementor-section elementor-top-section elementor-element elementor-element-2843fde3 elementor-section-boxed elementor-section-height-default elementor-section-height-default\" data-id=\"2843fde3\" data-element_type=\"section\" data-settings=\"{&quot;background_background&quot;:&quot;classic&quot;}\">\n\t\t\t\t\t\t\t<div class=\"elementor-background-overlay\"><\/div>\n\t\t\t\t\t\t\t<div class=\"elementor-container elementor-column-gap-default\">\n\t\t\t\t\t<div class=\"elementor-column elementor-col-100 elementor-top-column elementor-element elementor-element-4dad7875\" data-id=\"4dad7875\" data-element_type=\"column\">\n\t\t\t<div class=\"elementor-widget-wrap elementor-element-populated\">\n\t\t\t\t\t\t<section class=\"elementor-section elementor-inner-section elementor-element elementor-element-6a588bcf elementor-section-boxed elementor-section-height-default elementor-section-height-default\" data-id=\"6a588bcf\" data-element_type=\"section\">\n\t\t\t\t\t\t<div class=\"elementor-container elementor-column-gap-narrow\">\n\t\t\t\t\t<div class=\"elementor-column elementor-col-100 elementor-inner-column elementor-element elementor-element-661fd12e\" data-id=\"661fd12e\" data-element_type=\"column\">\n\t\t\t<div class=\"elementor-widget-wrap elementor-element-populated\">\n\t\t\t\t\t\t<div class=\"elementor-element elementor-element-633f957b elementor-widget elementor-widget-heading\" data-id=\"633f957b\" data-element_type=\"widget\" data-widget_type=\"heading.default\">\n\t\t\t\t<div class=\"elementor-widget-container\">\n\t\t\t<h1 class=\"elementor-heading-title elementor-size-default\">Current doctorates<\/h1>\t\t<\/div>\n\t\t\t\t<\/div>\n\t\t\t\t<div class=\"elementor-element elementor-element-4f70ea39 elementor-widget-divider--view-line elementor-widget elementor-widget-divider\" data-id=\"4f70ea39\" data-element_type=\"widget\" data-widget_type=\"divider.default\">\n\t\t\t\t<div class=\"elementor-widget-container\">\n\t\t\t\t\t<div class=\"elementor-divider\">\n\t\t\t<span class=\"elementor-divider-separator\">\n\t\t\t\t\t\t<\/span>\n\t\t<\/div>\n\t\t\t\t<\/div>\n\t\t\t\t<\/div>\n\t\t\t\t\t<\/div>\n\t\t<\/div>\n\t\t\t\t\t<\/div>\n\t\t<\/section>\n\t\t\t\t\t<\/div>\n\t\t<\/div>\n\t\t\t\t\t<\/div>\n\t\t<\/section>\n\t\t\t\t<\/div>\n\t\t","protected":false},"excerpt":{"rendered":"<p>Current doctorates<\/p>\n","protected":false},"author":1,"featured_media":667,"parent":0,"menu_order":0,"comment_status":"closed","ping_status":"closed","template":"","meta":{"site-sidebar-layout":"no-sidebar","site-content-layout":"","ast-site-content-layout":"full-width-container","site-content-style":"default","site-sidebar-style":"default","ast-global-header-display":"","ast-banner-title-visibility":"","ast-main-header-display":"","ast-hfb-above-header-display":"","ast-hfb-below-header-display":"","ast-hfb-mobile-header-display":"","site-post-title":"disabled","ast-breadcrumbs-content":"","ast-featured-img":"disabled","footer-sml-layout":"","theme-transparent-header-meta":"","adv-header-id-meta":"","stick-header-meta":"","header-above-stick-meta":"","header-main-stick-meta":"","header-below-stick-meta":"","astra-migrate-meta-layouts":"","footnotes":""},"class_list":["post-6795","page","type-page","status-publish","has-post-thumbnail","hentry"],"yoast_head":"<!-- This site is optimized with the Yoast SEO plugin v26.2 - https:\/\/yoast.com\/wordpress\/plugins\/seo\/ -->\n<title>Current doctorates - HydroSciences Montpellier<\/title>\n<meta name=\"description\" content=\"Doctorats en cours. HydroSciences Montpellier accueille une cinquantaine de doctorants fran\u00e7ais et d&#039;origine \u00e9trang\u00e8re\" \/>\n<meta name=\"robots\" content=\"index, follow, max-snippet:-1, max-image-preview:large, max-video-preview:-1\" \/>\n<link rel=\"canonical\" href=\"https:\/\/www.hydrosciences.org\/?page_id=6795&lang=en\" \/>\n<meta property=\"og:locale\" content=\"fr_FR\" \/>\n<meta property=\"og:type\" content=\"article\" \/>\n<meta property=\"og:title\" content=\"Current doctorates - HydroSciences Montpellier\" \/>\n<meta property=\"og:description\" content=\"Doctorats en cours. HydroSciences Montpellier accueille une cinquantaine de doctorants fran\u00e7ais et d&#039;origine \u00e9trang\u00e8re\" \/>\n<meta property=\"og:url\" content=\"https:\/\/www.hydrosciences.org\/?page_id=6795&amp;lang=en\" \/>\n<meta property=\"og:site_name\" content=\"HydroSciences Montpellier\" \/>\n<meta property=\"article:modified_time\" content=\"2024-10-29T12:52:49+00:00\" \/>\n<meta property=\"og:image\" content=\"https:\/\/www.hydrosciences.org\/wp-content\/uploads\/2024\/02\/5.png\" \/>\n\t<meta property=\"og:image:width\" content=\"1500\" \/>\n\t<meta property=\"og:image:height\" content=\"750\" \/>\n\t<meta property=\"og:image:type\" content=\"image\/png\" \/>\n<meta name=\"twitter:card\" content=\"summary_large_image\" \/>\n<meta name=\"twitter:label1\" content=\"Dur\u00e9e de lecture estim\u00e9e\" \/>\n\t<meta name=\"twitter:data1\" content=\"1 minute\" \/>\n<script type=\"application\/ld+json\" class=\"yoast-schema-graph\">{\"@context\":\"https:\/\/schema.org\",\"@graph\":[{\"@type\":\"WebPage\",\"@id\":\"https:\/\/www.hydrosciences.org\/?page_id=6795&lang=en\",\"url\":\"https:\/\/www.hydrosciences.org\/?page_id=6795&lang=en\",\"name\":\"Current doctorates - HydroSciences Montpellier\",\"isPartOf\":{\"@id\":\"https:\/\/www.hydrosciences.org\/#website\"},\"primaryImageOfPage\":{\"@id\":\"https:\/\/www.hydrosciences.org\/?page_id=6795&lang=en#primaryimage\"},\"image\":{\"@id\":\"https:\/\/www.hydrosciences.org\/?page_id=6795&lang=en#primaryimage\"},\"thumbnailUrl\":\"https:\/\/www.hydrosciences.org\/wp-content\/uploads\/2024\/02\/5.png\",\"datePublished\":\"2024-10-29T12:52:01+00:00\",\"dateModified\":\"2024-10-29T12:52:49+00:00\",\"description\":\"Doctorats en cours. HydroSciences Montpellier accueille une cinquantaine de doctorants fran\u00e7ais et d'origine \u00e9trang\u00e8re\",\"breadcrumb\":{\"@id\":\"https:\/\/www.hydrosciences.org\/?page_id=6795&lang=en#breadcrumb\"},\"inLanguage\":\"fr-FR\",\"potentialAction\":[{\"@type\":\"ReadAction\",\"target\":[\"https:\/\/www.hydrosciences.org\/?page_id=6795&lang=en\"]}]},{\"@type\":\"ImageObject\",\"inLanguage\":\"fr-FR\",\"@id\":\"https:\/\/www.hydrosciences.org\/?page_id=6795&lang=en#primaryimage\",\"url\":\"https:\/\/www.hydrosciences.org\/wp-content\/uploads\/2024\/02\/5.png\",\"contentUrl\":\"https:\/\/www.hydrosciences.org\/wp-content\/uploads\/2024\/02\/5.png\",\"width\":1500,\"height\":750},{\"@type\":\"BreadcrumbList\",\"@id\":\"https:\/\/www.hydrosciences.org\/?page_id=6795&lang=en#breadcrumb\",\"itemListElement\":[{\"@type\":\"ListItem\",\"position\":1,\"name\":\"Home\",\"item\":\"https:\/\/www.hydrosciences.org\/?lang=fr\"},{\"@type\":\"ListItem\",\"position\":2,\"name\":\"Current doctorates\"}]},{\"@type\":\"WebSite\",\"@id\":\"https:\/\/www.hydrosciences.org\/#website\",\"url\":\"https:\/\/www.hydrosciences.org\/\",\"name\":\"HydroSciences Montpellier\",\"description\":\"\",\"publisher\":{\"@id\":\"https:\/\/www.hydrosciences.org\/#organization\"},\"potentialAction\":[{\"@type\":\"SearchAction\",\"target\":{\"@type\":\"EntryPoint\",\"urlTemplate\":\"https:\/\/www.hydrosciences.org\/?s={search_term_string}\"},\"query-input\":{\"@type\":\"PropertyValueSpecification\",\"valueRequired\":true,\"valueName\":\"search_term_string\"}}],\"inLanguage\":\"fr-FR\"},{\"@type\":\"Organization\",\"@id\":\"https:\/\/www.hydrosciences.org\/#organization\",\"name\":\"HydroSciences Montpellier\",\"url\":\"https:\/\/www.hydrosciences.org\/\",\"logo\":{\"@type\":\"ImageObject\",\"inLanguage\":\"fr-FR\",\"@id\":\"https:\/\/www.hydrosciences.org\/#\/schema\/logo\/image\/\",\"url\":\"https:\/\/www.hydrosciences.org\/wp-content\/uploads\/2023\/08\/HSM-Site-Identity.png\",\"contentUrl\":\"https:\/\/www.hydrosciences.org\/wp-content\/uploads\/2023\/08\/HSM-Site-Identity.png\",\"width\":350,\"height\":100,\"caption\":\"HydroSciences Montpellier\"},\"image\":{\"@id\":\"https:\/\/www.hydrosciences.org\/#\/schema\/logo\/image\/\"}}]}<\/script>\n<!-- \/ Yoast SEO plugin. -->","yoast_head_json":{"title":"Current doctorates - HydroSciences Montpellier","description":"Doctorats en cours. HydroSciences Montpellier accueille une cinquantaine de doctorants fran\u00e7ais et d'origine \u00e9trang\u00e8re","robots":{"index":"index","follow":"follow","max-snippet":"max-snippet:-1","max-image-preview":"max-image-preview:large","max-video-preview":"max-video-preview:-1"},"canonical":"https:\/\/www.hydrosciences.org\/?page_id=6795&lang=en","og_locale":"fr_FR","og_type":"article","og_title":"Current doctorates - HydroSciences Montpellier","og_description":"Doctorats en cours. HydroSciences Montpellier accueille une cinquantaine de doctorants fran\u00e7ais et d'origine \u00e9trang\u00e8re","og_url":"https:\/\/www.hydrosciences.org\/?page_id=6795&lang=en","og_site_name":"HydroSciences Montpellier","article_modified_time":"2024-10-29T12:52:49+00:00","og_image":[{"width":1500,"height":750,"url":"https:\/\/www.hydrosciences.org\/wp-content\/uploads\/2024\/02\/5.png","type":"image\/png"}],"twitter_card":"summary_large_image","twitter_misc":{"Dur\u00e9e de lecture estim\u00e9e":"1 minute"},"schema":{"@context":"https:\/\/schema.org","@graph":[{"@type":"WebPage","@id":"https:\/\/www.hydrosciences.org\/?page_id=6795&lang=en","url":"https:\/\/www.hydrosciences.org\/?page_id=6795&lang=en","name":"Current doctorates - HydroSciences Montpellier","isPartOf":{"@id":"https:\/\/www.hydrosciences.org\/#website"},"primaryImageOfPage":{"@id":"https:\/\/www.hydrosciences.org\/?page_id=6795&lang=en#primaryimage"},"image":{"@id":"https:\/\/www.hydrosciences.org\/?page_id=6795&lang=en#primaryimage"},"thumbnailUrl":"https:\/\/www.hydrosciences.org\/wp-content\/uploads\/2024\/02\/5.png","datePublished":"2024-10-29T12:52:01+00:00","dateModified":"2024-10-29T12:52:49+00:00","description":"Doctorats en cours. HydroSciences Montpellier accueille une cinquantaine de doctorants fran\u00e7ais et d'origine \u00e9trang\u00e8re","breadcrumb":{"@id":"https:\/\/www.hydrosciences.org\/?page_id=6795&lang=en#breadcrumb"},"inLanguage":"fr-FR","potentialAction":[{"@type":"ReadAction","target":["https:\/\/www.hydrosciences.org\/?page_id=6795&lang=en"]}]},{"@type":"ImageObject","inLanguage":"fr-FR","@id":"https:\/\/www.hydrosciences.org\/?page_id=6795&lang=en#primaryimage","url":"https:\/\/www.hydrosciences.org\/wp-content\/uploads\/2024\/02\/5.png","contentUrl":"https:\/\/www.hydrosciences.org\/wp-content\/uploads\/2024\/02\/5.png","width":1500,"height":750},{"@type":"BreadcrumbList","@id":"https:\/\/www.hydrosciences.org\/?page_id=6795&lang=en#breadcrumb","itemListElement":[{"@type":"ListItem","position":1,"name":"Home","item":"https:\/\/www.hydrosciences.org\/?lang=fr"},{"@type":"ListItem","position":2,"name":"Current doctorates"}]},{"@type":"WebSite","@id":"https:\/\/www.hydrosciences.org\/#website","url":"https:\/\/www.hydrosciences.org\/","name":"HydroSciences Montpellier","description":"","publisher":{"@id":"https:\/\/www.hydrosciences.org\/#organization"},"potentialAction":[{"@type":"SearchAction","target":{"@type":"EntryPoint","urlTemplate":"https:\/\/www.hydrosciences.org\/?s={search_term_string}"},"query-input":{"@type":"PropertyValueSpecification","valueRequired":true,"valueName":"search_term_string"}}],"inLanguage":"fr-FR"},{"@type":"Organization","@id":"https:\/\/www.hydrosciences.org\/#organization","name":"HydroSciences Montpellier","url":"https:\/\/www.hydrosciences.org\/","logo":{"@type":"ImageObject","inLanguage":"fr-FR","@id":"https:\/\/www.hydrosciences.org\/#\/schema\/logo\/image\/","url":"https:\/\/www.hydrosciences.org\/wp-content\/uploads\/2023\/08\/HSM-Site-Identity.png","contentUrl":"https:\/\/www.hydrosciences.org\/wp-content\/uploads\/2023\/08\/HSM-Site-Identity.png","width":350,"height":100,"caption":"HydroSciences Montpellier"},"image":{"@id":"https:\/\/www.hydrosciences.org\/#\/schema\/logo\/image\/"}}]}},"_links":{"self":[{"href":"https:\/\/www.hydrosciences.org\/index.php?rest_route=\/wp\/v2\/pages\/6795","targetHints":{"allow":["GET"]}}],"collection":[{"href":"https:\/\/www.hydrosciences.org\/index.php?rest_route=\/wp\/v2\/pages"}],"about":[{"href":"https:\/\/www.hydrosciences.org\/index.php?rest_route=\/wp\/v2\/types\/page"}],"author":[{"embeddable":true,"href":"https:\/\/www.hydrosciences.org\/index.php?rest_route=\/wp\/v2\/users\/1"}],"replies":[{"embeddable":true,"href":"https:\/\/www.hydrosciences.org\/index.php?rest_route=%2Fwp%2Fv2%2Fcomments&post=6795"}],"version-history":[{"count":4,"href":"https:\/\/www.hydrosciences.org\/index.php?rest_route=\/wp\/v2\/pages\/6795\/revisions"}],"predecessor-version":[{"id":6799,"href":"https:\/\/www.hydrosciences.org\/index.php?rest_route=\/wp\/v2\/pages\/6795\/revisions\/6799"}],"wp:featuredmedia":[{"embeddable":true,"href":"https:\/\/www.hydrosciences.org\/index.php?rest_route=\/wp\/v2\/media\/667"}],"wp:attachment":[{"href":"https:\/\/www.hydrosciences.org\/index.php?rest_route=%2Fwp%2Fv2%2Fmedia&parent=6795"}],"curies":[{"name":"wp","href":"https:\/\/api.w.org\/{rel}","templated":true}]}}