{"id":6899,"date":"2024-10-31T14:45:28","date_gmt":"2024-10-31T13:45:28","guid":{"rendered":"http:\/\/webdv.msem.univ-montp2.fr\/?page_id=6899"},"modified":"2024-10-31T14:46:55","modified_gmt":"2024-10-31T13:46:55","slug":"environmental-mark","status":"publish","type":"page","link":"https:\/\/www.hydrosciences.org\/?page_id=6899&lang=en","title":{"rendered":"Environmental mark"},"content":{"rendered":"\t\t<div data-elementor-type=\"wp-page\" data-elementor-id=\"6899\" class=\"elementor elementor-6899\" data-elementor-post-type=\"page\">\n\t\t\t\t\t\t<section class=\"elementor-section elementor-top-section elementor-element elementor-element-04cf579 elementor-section-boxed elementor-section-height-default elementor-section-height-default\" data-id=\"04cf579\" data-element_type=\"section\" data-settings=\"{&quot;background_background&quot;:&quot;classic&quot;}\">\n\t\t\t\t\t\t\t<div class=\"elementor-background-overlay\"><\/div>\n\t\t\t\t\t\t\t<div class=\"elementor-container elementor-column-gap-default\">\n\t\t\t\t\t<div class=\"elementor-column elementor-col-100 elementor-top-column elementor-element elementor-element-5a160b6\" data-id=\"5a160b6\" data-element_type=\"column\">\n\t\t\t<div class=\"elementor-widget-wrap elementor-element-populated\">\n\t\t\t\t\t\t<section class=\"elementor-section elementor-inner-section elementor-element elementor-element-fbaa29b elementor-section-boxed elementor-section-height-default elementor-section-height-default\" data-id=\"fbaa29b\" data-element_type=\"section\">\n\t\t\t\t\t\t<div class=\"elementor-container elementor-column-gap-narrow\">\n\t\t\t\t\t<div class=\"elementor-column elementor-col-100 elementor-inner-column elementor-element elementor-element-d87772d\" data-id=\"d87772d\" data-element_type=\"column\">\n\t\t\t<div class=\"elementor-widget-wrap elementor-element-populated\">\n\t\t\t\t\t\t<div class=\"elementor-element elementor-element-33abbc6 elementor-widget elementor-widget-heading\" data-id=\"33abbc6\" data-element_type=\"widget\" data-widget_type=\"heading.default\">\n\t\t\t\t<div class=\"elementor-widget-container\">\n\t\t\t<h1 class=\"elementor-heading-title elementor-size-default\">Environmental mark<\/h1>\t\t<\/div>\n\t\t\t\t<\/div>\n\t\t\t\t<div class=\"elementor-element elementor-element-64b1486 elementor-widget-divider--view-line elementor-widget elementor-widget-divider\" data-id=\"64b1486\" data-element_type=\"widget\" data-widget_type=\"divider.default\">\n\t\t\t\t<div class=\"elementor-widget-container\">\n\t\t\t\t\t<div class=\"elementor-divider\">\n\t\t\t<span class=\"elementor-divider-separator\">\n\t\t\t\t\t\t<\/span>\n\t\t<\/div>\n\t\t\t\t<\/div>\n\t\t\t\t<\/div>\n\t\t\t\t\t<\/div>\n\t\t<\/div>\n\t\t\t\t\t<\/div>\n\t\t<\/section>\n\t\t\t\t\t<\/div>\n\t\t<\/div>\n\t\t\t\t\t<\/div>\n\t\t<\/section>\n\t\t<div class=\"elementor-element elementor-element-b6e7a87 e-flex e-con-boxed e-con e-parent\" data-id=\"b6e7a87\" data-element_type=\"container\">\n\t\t\t\t\t<div class=\"e-con-inner\">\n\t\t\t\t<div class=\"elementor-element elementor-element-ab8894a elementor-widget elementor-widget-text-editor\" data-id=\"ab8894a\" data-element_type=\"widget\" data-widget_type=\"text-editor.default\">\n\t\t\t\t<div class=\"elementor-widget-container\">\n\t\t\t\t\t\t\t<p><strong>HSM met en place une strat\u00e9gie de r\u00e9duction de son empreinte environnementale.<\/strong><\/p><h5>L&#8217;atelier Lab&#8217;EAU-.5 travaille \u00e0 la r\u00e9duction de l&#8217;empreinte environnementale du laboratoire en incluant le d\u00e9veloppement d&#8217;une expertise sur l&#8217;empreinte Eau.<\/h5><p>Le d\u00e9r\u00e8glement climatique et environnemental qui se d\u00e9roule actuellement est une r\u00e9alit\u00e9 qui n\u2019est<br \/>plus contestable, avec des effets qui se font d\u00e9j\u00e0 parfois durement ressentir (\u00e9rosion de la<br \/>biodiversit\u00e9, fonte des glaces, hausse du niveau des oc\u00e9ans, pollutions des milieux, surexploitation<br \/>et \u00e9puisement des ressources\u2026).<br \/>L&#8217;Accord de Paris sur le climat de 2015 vise \u00e0 limiter l\u2019augmentation de la temp\u00e9rature en 2100 \u00e0<br \/>2\u00b0 maximum en visant l\u2019objectif de 1,5\u00b0 par rapport \u00e0 l\u2019\u00e8re pr\u00e9-industrielle. Cela implique de<br \/>respecter des limites physiques tr\u00e8s contraintes.<\/p><p>En tant qu\u2019acteur travaillant aux fronti\u00e8res des connaissances<br \/>en lien avec la soci\u00e9t\u00e9 civile, le laboratoire HydroSciences Montpellier est bien inform\u00e9 et<br \/>conscient des changements \u00e0 op\u00e9rer pour offrir des conditions de vie d\u00e9centes au plus grand<br \/>nombre sur le long terme et pr\u00e9server les \u00e9cosyst\u00e8mes. Les cons\u00e9quences dramatiques qui se<br \/>profilent nous imposent d\u2019agir rapidement et d\u2019inverser la tendance en diminuant drastiquement et<br \/>durablement notre empreinte environnementale (\u00e9missions de gaz \u00e0 effet de serre, pollutions des<br \/>milieux, \u00e9puisement des ressources, gestion de l\u2019eau et de nos d\u00e9chets).<\/p><p>Pour atteindre les objectifs de l\u2019accord de Paris, le GIEC (Groupe Intergouvernemental sur l\u2019\u00c9tude<br \/>du Climat) recommande une trajectoire contrainte par une r\u00e9duction de 50 % des \u00e9missions de<br \/>carbone en 2030, par rapport \u00e0 2010. La Strat\u00e9gie Nationale Bas-Carbone de la France (SNBC),<br \/>quant \u00e0 elle, vise \u00e0 la neutralit\u00e9 carbone (\u00e9missions = s\u00e9questrations) en 2050, via une r\u00e9duction<br \/>(un peu plus faible) d\u2019au moins 40 % des \u00e9missions en 2030 par rapport \u00e0 1990. Le laboratoire<br \/>s\u2019aligne sur la plus ambitieuse de ces trajectoires (GIEC), qui correspond \u00e0 une r\u00e9duction<br \/>d\u2019environ 45 % des \u00e9missions de carbone en 2030 par rapport \u00e0 2016, ann\u00e9e pour laquelle le<br \/>premier bilan carbone du laboratoire est disponible. Une \u00e9valuation \u00e0 4 ans (2025) permettra le cas<br \/>\u00e9ch\u00e9ant de r\u00e9viser les objectifs et les moyens associ\u00e9s.<br \/>En lien avec les instances de direction, le groupe de travail \u00ab Empreinte \u00c9cologique et<br \/>D\u00e9veloppement Durable \u00bb du laboratoire, est charg\u00e9 de piloter la mise en \u0153uvre d\u2019actions<br \/>concr\u00e8tes permettant de remplir ces objectifs.<\/p><p>Les mesures \u00e0 mettre en \u0153uvre concernent les transports (personnels et professionnels), la<br \/>consommation d\u2019\u00e9nergie, de biens et services (informatique, usages du num\u00e9rique, consommables<br \/>de laboratoires) ou encore la gestion des d\u00e9chets, et plus largement l\u2019ensemble de nos pratiques de<br \/>recherche qui ont un impact sur l\u2019environnement. Ces mesures seront discut\u00e9es et valid\u00e9es dans un<br \/>processus coll\u00e9gial associant tous les personnels du laboratoire.<br \/>Au-del\u00e0 des actions d\u00e9ploy\u00e9es \u00e0 l\u2019\u00e9chelle du laboratoire, la r\u00e9duction de notre empreinte<br \/>environnementale n\u00e9cessitera \u00e9galement des actions \u00e0 d\u2019autres \u00e9chelles (instituts, tutelles,<br \/>collectivit\u00e9s locales, \u00e9chelon national voire europ\u00e9en), car il est s\u00fbr que l\u2019essentiel est et restera la<br \/>trajectoire d\u2019ensemble.<\/p><p><strong>Les initiatives d\u00e9j\u00e0 mises en oeuvre :<\/strong><\/p><ul><li>le bilan gaz \u00e0 effet de serre 2019-2022<\/li><li>des ateliers internes sur la transition \u00e9cologique, fresque de l&#8217;eau, fresque du climat, fresque num\u00e9rique<\/li><li>2 minutes positives (Exemples d&#8217;actions\/changement qui ont un impact positif (sur<br \/>nous, les autres, la plan\u00e8te&#8230;) et que l&#8217;on a envie de partager), en pr\u00e9ambule des s\u00e9minaires du jeudi<\/li><li>une journ\u00e9e annuelle &#8220;transition&#8221;<\/li><li>initiative &#8220;v\u00e9lo&#8221; : d\u00e9ploiement du parc \u00e0 v\u00e9lo, aide \u00e0 l&#8217;entretien des bicyclettes<\/li><\/ul><div>\u00a0<\/div><div>\u00a0<\/div>\t\t\t\t\t\t<\/div>\n\t\t\t\t<\/div>\n\t\t\t\t\t<\/div>\n\t\t\t\t<\/div>\n\t\t\t\t<\/div>\n\t\t","protected":false},"excerpt":{"rendered":"<p>Environmental mark HSM met en place une strat\u00e9gie de r\u00e9duction de son empreinte environnementale. L&rsquo;atelier Lab&rsquo;EAU-.5 travaille \u00e0 la r\u00e9duction de l&#8217;empreinte environnementale du laboratoire en incluant le d\u00e9veloppement d&rsquo;une expertise sur l&#8217;empreinte Eau. Le d\u00e9r\u00e8glement climatique et environnemental qui se d\u00e9roule actuellement est une r\u00e9alit\u00e9 qui n\u2019estplus contestable, avec des effets qui se font &hellip;<\/p>\n<p class=\"read-more\"> <a class=\"\" href=\"https:\/\/www.hydrosciences.org\/?page_id=6899&#038;lang=en\"> <span class=\"screen-reader-text\">Environmental mark<\/span> Lire la suite \u00bb<\/a><\/p>\n","protected":false},"author":1,"featured_media":0,"parent":0,"menu_order":0,"comment_status":"closed","ping_status":"closed","template":"","meta":{"site-sidebar-layout":"no-sidebar","site-content-layout":"","ast-site-content-layout":"full-width-container","site-content-style":"default","site-sidebar-style":"default","ast-global-header-display":"","ast-banner-title-visibility":"","ast-main-header-display":"","ast-hfb-above-header-display":"","ast-hfb-below-header-display":"","ast-hfb-mobile-header-display":"","site-post-title":"disabled","ast-breadcrumbs-content":"","ast-featured-img":"disabled","footer-sml-layout":"","theme-transparent-header-meta":"","adv-header-id-meta":"","stick-header-meta":"","header-above-stick-meta":"","header-main-stick-meta":"","header-below-stick-meta":"","astra-migrate-meta-layouts":"","footnotes":""},"class_list":["post-6899","page","type-page","status-publish","hentry"],"yoast_head":"<!-- This site is optimized with the Yoast SEO plugin v26.2 - https:\/\/yoast.com\/wordpress\/plugins\/seo\/ -->\n<title>Environmental mark - HydroSciences Montpellier<\/title>\n<meta name=\"robots\" content=\"index, follow, max-snippet:-1, max-image-preview:large, max-video-preview:-1\" \/>\n<link rel=\"canonical\" href=\"https:\/\/www.hydrosciences.org\/?page_id=6899&lang=en\" \/>\n<meta property=\"og:locale\" content=\"fr_FR\" \/>\n<meta property=\"og:type\" content=\"article\" \/>\n<meta property=\"og:title\" content=\"Environmental mark - HydroSciences Montpellier\" \/>\n<meta property=\"og:description\" content=\"Environmental mark HSM met en place une strat\u00e9gie de r\u00e9duction de son empreinte environnementale. L&rsquo;atelier Lab&rsquo;EAU-.5 travaille \u00e0 la r\u00e9duction de l&#8217;empreinte environnementale du laboratoire en incluant le d\u00e9veloppement d&rsquo;une expertise sur l&#8217;empreinte Eau. Le d\u00e9r\u00e8glement climatique et environnemental qui se d\u00e9roule actuellement est une r\u00e9alit\u00e9 qui n\u2019estplus contestable, avec des effets qui se font &hellip; Environmental mark Lire la suite \u00bb\" \/>\n<meta property=\"og:url\" content=\"https:\/\/www.hydrosciences.org\/?page_id=6899&amp;lang=en\" \/>\n<meta property=\"og:site_name\" content=\"HydroSciences Montpellier\" \/>\n<meta property=\"article:modified_time\" content=\"2024-10-31T13:46:55+00:00\" \/>\n<meta name=\"twitter:card\" content=\"summary_large_image\" \/>\n<script type=\"application\/ld+json\" class=\"yoast-schema-graph\">{\"@context\":\"https:\/\/schema.org\",\"@graph\":[{\"@type\":\"WebPage\",\"@id\":\"https:\/\/www.hydrosciences.org\/?page_id=6899&lang=en\",\"url\":\"https:\/\/www.hydrosciences.org\/?page_id=6899&lang=en\",\"name\":\"Environmental mark - HydroSciences Montpellier\",\"isPartOf\":{\"@id\":\"https:\/\/www.hydrosciences.org\/#website\"},\"datePublished\":\"2024-10-31T13:45:28+00:00\",\"dateModified\":\"2024-10-31T13:46:55+00:00\",\"breadcrumb\":{\"@id\":\"https:\/\/www.hydrosciences.org\/?page_id=6899&lang=en#breadcrumb\"},\"inLanguage\":\"fr-FR\",\"potentialAction\":[{\"@type\":\"ReadAction\",\"target\":[\"https:\/\/www.hydrosciences.org\/?page_id=6899&lang=en\"]}]},{\"@type\":\"BreadcrumbList\",\"@id\":\"https:\/\/www.hydrosciences.org\/?page_id=6899&lang=en#breadcrumb\",\"itemListElement\":[{\"@type\":\"ListItem\",\"position\":1,\"name\":\"Home\",\"item\":\"https:\/\/www.hydrosciences.org\/?lang=fr\"},{\"@type\":\"ListItem\",\"position\":2,\"name\":\"Environmental mark\"}]},{\"@type\":\"WebSite\",\"@id\":\"https:\/\/www.hydrosciences.org\/#website\",\"url\":\"https:\/\/www.hydrosciences.org\/\",\"name\":\"HydroSciences Montpellier\",\"description\":\"\",\"publisher\":{\"@id\":\"https:\/\/www.hydrosciences.org\/#organization\"},\"potentialAction\":[{\"@type\":\"SearchAction\",\"target\":{\"@type\":\"EntryPoint\",\"urlTemplate\":\"https:\/\/www.hydrosciences.org\/?s={search_term_string}\"},\"query-input\":{\"@type\":\"PropertyValueSpecification\",\"valueRequired\":true,\"valueName\":\"search_term_string\"}}],\"inLanguage\":\"fr-FR\"},{\"@type\":\"Organization\",\"@id\":\"https:\/\/www.hydrosciences.org\/#organization\",\"name\":\"HydroSciences Montpellier\",\"url\":\"https:\/\/www.hydrosciences.org\/\",\"logo\":{\"@type\":\"ImageObject\",\"inLanguage\":\"fr-FR\",\"@id\":\"https:\/\/www.hydrosciences.org\/#\/schema\/logo\/image\/\",\"url\":\"https:\/\/www.hydrosciences.org\/wp-content\/uploads\/2023\/08\/HSM-Site-Identity.png\",\"contentUrl\":\"https:\/\/www.hydrosciences.org\/wp-content\/uploads\/2023\/08\/HSM-Site-Identity.png\",\"width\":350,\"height\":100,\"caption\":\"HydroSciences Montpellier\"},\"image\":{\"@id\":\"https:\/\/www.hydrosciences.org\/#\/schema\/logo\/image\/\"}}]}<\/script>\n<!-- \/ Yoast SEO plugin. -->","yoast_head_json":{"title":"Environmental mark - HydroSciences Montpellier","robots":{"index":"index","follow":"follow","max-snippet":"max-snippet:-1","max-image-preview":"max-image-preview:large","max-video-preview":"max-video-preview:-1"},"canonical":"https:\/\/www.hydrosciences.org\/?page_id=6899&lang=en","og_locale":"fr_FR","og_type":"article","og_title":"Environmental mark - HydroSciences Montpellier","og_description":"Environmental mark HSM met en place une strat\u00e9gie de r\u00e9duction de son empreinte environnementale. L&rsquo;atelier Lab&rsquo;EAU-.5 travaille \u00e0 la r\u00e9duction de l&#8217;empreinte environnementale du laboratoire en incluant le d\u00e9veloppement d&rsquo;une expertise sur l&#8217;empreinte Eau. Le d\u00e9r\u00e8glement climatique et environnemental qui se d\u00e9roule actuellement est une r\u00e9alit\u00e9 qui n\u2019estplus contestable, avec des effets qui se font &hellip; Environmental mark Lire la suite \u00bb","og_url":"https:\/\/www.hydrosciences.org\/?page_id=6899&lang=en","og_site_name":"HydroSciences Montpellier","article_modified_time":"2024-10-31T13:46:55+00:00","twitter_card":"summary_large_image","schema":{"@context":"https:\/\/schema.org","@graph":[{"@type":"WebPage","@id":"https:\/\/www.hydrosciences.org\/?page_id=6899&lang=en","url":"https:\/\/www.hydrosciences.org\/?page_id=6899&lang=en","name":"Environmental mark - HydroSciences Montpellier","isPartOf":{"@id":"https:\/\/www.hydrosciences.org\/#website"},"datePublished":"2024-10-31T13:45:28+00:00","dateModified":"2024-10-31T13:46:55+00:00","breadcrumb":{"@id":"https:\/\/www.hydrosciences.org\/?page_id=6899&lang=en#breadcrumb"},"inLanguage":"fr-FR","potentialAction":[{"@type":"ReadAction","target":["https:\/\/www.hydrosciences.org\/?page_id=6899&lang=en"]}]},{"@type":"BreadcrumbList","@id":"https:\/\/www.hydrosciences.org\/?page_id=6899&lang=en#breadcrumb","itemListElement":[{"@type":"ListItem","position":1,"name":"Home","item":"https:\/\/www.hydrosciences.org\/?lang=fr"},{"@type":"ListItem","position":2,"name":"Environmental mark"}]},{"@type":"WebSite","@id":"https:\/\/www.hydrosciences.org\/#website","url":"https:\/\/www.hydrosciences.org\/","name":"HydroSciences Montpellier","description":"","publisher":{"@id":"https:\/\/www.hydrosciences.org\/#organization"},"potentialAction":[{"@type":"SearchAction","target":{"@type":"EntryPoint","urlTemplate":"https:\/\/www.hydrosciences.org\/?s={search_term_string}"},"query-input":{"@type":"PropertyValueSpecification","valueRequired":true,"valueName":"search_term_string"}}],"inLanguage":"fr-FR"},{"@type":"Organization","@id":"https:\/\/www.hydrosciences.org\/#organization","name":"HydroSciences Montpellier","url":"https:\/\/www.hydrosciences.org\/","logo":{"@type":"ImageObject","inLanguage":"fr-FR","@id":"https:\/\/www.hydrosciences.org\/#\/schema\/logo\/image\/","url":"https:\/\/www.hydrosciences.org\/wp-content\/uploads\/2023\/08\/HSM-Site-Identity.png","contentUrl":"https:\/\/www.hydrosciences.org\/wp-content\/uploads\/2023\/08\/HSM-Site-Identity.png","width":350,"height":100,"caption":"HydroSciences Montpellier"},"image":{"@id":"https:\/\/www.hydrosciences.org\/#\/schema\/logo\/image\/"}}]}},"_links":{"self":[{"href":"https:\/\/www.hydrosciences.org\/index.php?rest_route=\/wp\/v2\/pages\/6899","targetHints":{"allow":["GET"]}}],"collection":[{"href":"https:\/\/www.hydrosciences.org\/index.php?rest_route=\/wp\/v2\/pages"}],"about":[{"href":"https:\/\/www.hydrosciences.org\/index.php?rest_route=\/wp\/v2\/types\/page"}],"author":[{"embeddable":true,"href":"https:\/\/www.hydrosciences.org\/index.php?rest_route=\/wp\/v2\/users\/1"}],"replies":[{"embeddable":true,"href":"https:\/\/www.hydrosciences.org\/index.php?rest_route=%2Fwp%2Fv2%2Fcomments&post=6899"}],"version-history":[{"count":4,"href":"https:\/\/www.hydrosciences.org\/index.php?rest_route=\/wp\/v2\/pages\/6899\/revisions"}],"predecessor-version":[{"id":6903,"href":"https:\/\/www.hydrosciences.org\/index.php?rest_route=\/wp\/v2\/pages\/6899\/revisions\/6903"}],"wp:attachment":[{"href":"https:\/\/www.hydrosciences.org\/index.php?rest_route=%2Fwp%2Fv2%2Fmedia&parent=6899"}],"curies":[{"name":"wp","href":"https:\/\/api.w.org\/{rel}","templated":true}]}}