{"id":6905,"date":"2024-10-31T15:00:23","date_gmt":"2024-10-31T14:00:23","guid":{"rendered":"http:\/\/webdv.msem.univ-montp2.fr\/?page_id=6905"},"modified":"2024-10-31T15:06:01","modified_gmt":"2024-10-31T14:06:01","slug":"equality","status":"publish","type":"page","link":"https:\/\/www.hydrosciences.org\/?page_id=6905&lang=en","title":{"rendered":"Equality"},"content":{"rendered":"\t\t<div data-elementor-type=\"wp-page\" data-elementor-id=\"6905\" class=\"elementor elementor-6905\" data-elementor-post-type=\"page\">\n\t\t\t\t\t\t<section class=\"elementor-section elementor-top-section elementor-element elementor-element-4ea544e elementor-section-boxed elementor-section-height-default elementor-section-height-default\" data-id=\"4ea544e\" data-element_type=\"section\" data-settings=\"{&quot;background_background&quot;:&quot;classic&quot;}\">\n\t\t\t\t\t\t\t<div class=\"elementor-background-overlay\"><\/div>\n\t\t\t\t\t\t\t<div class=\"elementor-container elementor-column-gap-default\">\n\t\t\t\t\t<div class=\"elementor-column elementor-col-100 elementor-top-column elementor-element elementor-element-5cf2c5a\" data-id=\"5cf2c5a\" data-element_type=\"column\">\n\t\t\t<div class=\"elementor-widget-wrap elementor-element-populated\">\n\t\t\t\t\t\t<section class=\"elementor-section elementor-inner-section elementor-element elementor-element-812ebb5 elementor-section-boxed elementor-section-height-default elementor-section-height-default\" data-id=\"812ebb5\" data-element_type=\"section\">\n\t\t\t\t\t\t<div class=\"elementor-container elementor-column-gap-narrow\">\n\t\t\t\t\t<div class=\"elementor-column elementor-col-100 elementor-inner-column elementor-element elementor-element-4cc0ea7\" data-id=\"4cc0ea7\" data-element_type=\"column\">\n\t\t\t<div class=\"elementor-widget-wrap elementor-element-populated\">\n\t\t\t\t\t\t<div class=\"elementor-element elementor-element-8735018 elementor-widget elementor-widget-heading\" data-id=\"8735018\" data-element_type=\"widget\" data-widget_type=\"heading.default\">\n\t\t\t\t<div class=\"elementor-widget-container\">\n\t\t\t<h1 class=\"elementor-heading-title elementor-size-default\">Equality<\/h1>\t\t<\/div>\n\t\t\t\t<\/div>\n\t\t\t\t<div class=\"elementor-element elementor-element-f131b84 elementor-widget-divider--view-line elementor-widget elementor-widget-divider\" data-id=\"f131b84\" data-element_type=\"widget\" data-widget_type=\"divider.default\">\n\t\t\t\t<div class=\"elementor-widget-container\">\n\t\t\t\t\t<div class=\"elementor-divider\">\n\t\t\t<span class=\"elementor-divider-separator\">\n\t\t\t\t\t\t<\/span>\n\t\t<\/div>\n\t\t\t\t<\/div>\n\t\t\t\t<\/div>\n\t\t\t\t\t<\/div>\n\t\t<\/div>\n\t\t\t\t\t<\/div>\n\t\t<\/section>\n\t\t\t\t\t<\/div>\n\t\t<\/div>\n\t\t\t\t\t<\/div>\n\t\t<\/section>\n\t\t<div class=\"elementor-element elementor-element-aac3023 e-flex e-con-boxed e-con e-parent\" data-id=\"aac3023\" data-element_type=\"container\">\n\t\t\t\t\t<div class=\"e-con-inner\">\n\t\t\t\t<div class=\"elementor-element elementor-element-ee85359 elementor-widget elementor-widget-text-editor\" data-id=\"ee85359\" data-element_type=\"widget\" data-widget_type=\"text-editor.default\">\n\t\t\t\t<div class=\"elementor-widget-container\">\n\t\t\t\t\t\t\t<h3><strong>HSM s&#8217;engage dans la lutte des violences sexistes, sexuelles et contre toute discrimination.<\/strong><\/h3><p>Le groupe &#8220;\u00e9galit\u00e9&#8221; ouvert \u00e0 tous est constitu\u00e9 d&#8217;une quinzaine d&#8217;agents.\u00a0<\/p><p><strong>Son objectif : <\/strong><\/p><p>Contribuer \u00e0 la lutte contre les in\u00e9galit\u00e9s Femme-Homme, les violences sexistes et sexuelles (VSS), toutes discriminations et harc\u00e8lement moral au travail.<\/p><p><strong>Ses missions :<\/strong><\/p><ul><li>Sensibiliser le personnel aux biais inconscients et menaces de st\u00e9r\u00e9otypes<\/li><li>Informer les personnels sur les dispositifs de lutte contre les discriminations et les VSS mis en place par les institutions<\/li><li>Servir de 1er contact en cas de difficult\u00e9 suppos\u00e9e<\/li><li>Etre un relai vers les dispositifs de signalement des institutions<\/li><\/ul><p><strong>Les moyens mis en oeuvre:<\/strong><\/p><ul><li>campagne de sensibilisation : informations, notamment campagne d&#8217;affichage.<\/li><li>formations propos\u00e9es en interne et via nos tutelles<\/li><\/ul>\t\t\t\t\t\t<\/div>\n\t\t\t\t<\/div>\n\t\t\t\t\t<\/div>\n\t\t\t\t<\/div>\n\t\t\t\t<\/div>\n\t\t","protected":false},"excerpt":{"rendered":"<p>Equality HSM s&rsquo;engage dans la lutte des violences sexistes, sexuelles et contre toute discrimination. Le groupe \u00ab\u00a0\u00e9galit\u00e9\u00a0\u00bb ouvert \u00e0 tous est constitu\u00e9 d&rsquo;une quinzaine d&rsquo;agents.\u00a0 Son objectif : Contribuer \u00e0 la lutte contre les in\u00e9galit\u00e9s Femme-Homme, les violences sexistes et sexuelles (VSS), toutes discriminations et harc\u00e8lement moral au travail. Ses missions : Sensibiliser le personnel &hellip;<\/p>\n<p class=\"read-more\"> <a class=\"\" href=\"https:\/\/www.hydrosciences.org\/?page_id=6905&#038;lang=en\"> <span class=\"screen-reader-text\">Equality<\/span> Lire la suite \u00bb<\/a><\/p>\n","protected":false},"author":1,"featured_media":0,"parent":0,"menu_order":0,"comment_status":"closed","ping_status":"closed","template":"","meta":{"site-sidebar-layout":"no-sidebar","site-content-layout":"","ast-site-content-layout":"full-width-container","site-content-style":"default","site-sidebar-style":"default","ast-global-header-display":"","ast-banner-title-visibility":"","ast-main-header-display":"","ast-hfb-above-header-display":"","ast-hfb-below-header-display":"","ast-hfb-mobile-header-display":"","site-post-title":"disabled","ast-breadcrumbs-content":"","ast-featured-img":"disabled","footer-sml-layout":"","theme-transparent-header-meta":"","adv-header-id-meta":"","stick-header-meta":"","header-above-stick-meta":"","header-main-stick-meta":"","header-below-stick-meta":"","astra-migrate-meta-layouts":"","footnotes":""},"class_list":["post-6905","page","type-page","status-publish","hentry"],"yoast_head":"<!-- This site is optimized with the Yoast SEO plugin v26.2 - https:\/\/yoast.com\/wordpress\/plugins\/seo\/ -->\n<title>Equality - HydroSciences Montpellier<\/title>\n<meta name=\"robots\" content=\"index, follow, max-snippet:-1, max-image-preview:large, max-video-preview:-1\" \/>\n<link rel=\"canonical\" href=\"https:\/\/www.hydrosciences.org\/?page_id=6905&lang=en\" \/>\n<meta property=\"og:locale\" content=\"fr_FR\" \/>\n<meta property=\"og:type\" content=\"article\" \/>\n<meta property=\"og:title\" content=\"Equality - HydroSciences Montpellier\" \/>\n<meta property=\"og:description\" content=\"Equality HSM s&rsquo;engage dans la lutte des violences sexistes, sexuelles et contre toute discrimination. Le groupe \u00ab\u00a0\u00e9galit\u00e9\u00a0\u00bb ouvert \u00e0 tous est constitu\u00e9 d&rsquo;une quinzaine d&rsquo;agents.\u00a0 Son objectif : Contribuer \u00e0 la lutte contre les in\u00e9galit\u00e9s Femme-Homme, les violences sexistes et sexuelles (VSS), toutes discriminations et harc\u00e8lement moral au travail. Ses missions : Sensibiliser le personnel &hellip; Equality Lire la suite \u00bb\" \/>\n<meta property=\"og:url\" content=\"https:\/\/www.hydrosciences.org\/?page_id=6905&amp;lang=en\" \/>\n<meta property=\"og:site_name\" content=\"HydroSciences Montpellier\" \/>\n<meta property=\"article:modified_time\" content=\"2024-10-31T14:06:01+00:00\" \/>\n<meta name=\"twitter:card\" content=\"summary_large_image\" \/>\n<meta name=\"twitter:label1\" content=\"Dur\u00e9e de lecture estim\u00e9e\" \/>\n\t<meta name=\"twitter:data1\" content=\"1 minute\" \/>\n<script type=\"application\/ld+json\" class=\"yoast-schema-graph\">{\"@context\":\"https:\/\/schema.org\",\"@graph\":[{\"@type\":\"WebPage\",\"@id\":\"https:\/\/www.hydrosciences.org\/?page_id=6905&lang=en\",\"url\":\"https:\/\/www.hydrosciences.org\/?page_id=6905&lang=en\",\"name\":\"Equality - HydroSciences Montpellier\",\"isPartOf\":{\"@id\":\"https:\/\/www.hydrosciences.org\/#website\"},\"datePublished\":\"2024-10-31T14:00:23+00:00\",\"dateModified\":\"2024-10-31T14:06:01+00:00\",\"breadcrumb\":{\"@id\":\"https:\/\/www.hydrosciences.org\/?page_id=6905&lang=en#breadcrumb\"},\"inLanguage\":\"fr-FR\",\"potentialAction\":[{\"@type\":\"ReadAction\",\"target\":[\"https:\/\/www.hydrosciences.org\/?page_id=6905&lang=en\"]}]},{\"@type\":\"BreadcrumbList\",\"@id\":\"https:\/\/www.hydrosciences.org\/?page_id=6905&lang=en#breadcrumb\",\"itemListElement\":[{\"@type\":\"ListItem\",\"position\":1,\"name\":\"Home\",\"item\":\"https:\/\/www.hydrosciences.org\/?lang=fr\"},{\"@type\":\"ListItem\",\"position\":2,\"name\":\"Equality\"}]},{\"@type\":\"WebSite\",\"@id\":\"https:\/\/www.hydrosciences.org\/#website\",\"url\":\"https:\/\/www.hydrosciences.org\/\",\"name\":\"HydroSciences Montpellier\",\"description\":\"\",\"publisher\":{\"@id\":\"https:\/\/www.hydrosciences.org\/#organization\"},\"potentialAction\":[{\"@type\":\"SearchAction\",\"target\":{\"@type\":\"EntryPoint\",\"urlTemplate\":\"https:\/\/www.hydrosciences.org\/?s={search_term_string}\"},\"query-input\":{\"@type\":\"PropertyValueSpecification\",\"valueRequired\":true,\"valueName\":\"search_term_string\"}}],\"inLanguage\":\"fr-FR\"},{\"@type\":\"Organization\",\"@id\":\"https:\/\/www.hydrosciences.org\/#organization\",\"name\":\"HydroSciences Montpellier\",\"url\":\"https:\/\/www.hydrosciences.org\/\",\"logo\":{\"@type\":\"ImageObject\",\"inLanguage\":\"fr-FR\",\"@id\":\"https:\/\/www.hydrosciences.org\/#\/schema\/logo\/image\/\",\"url\":\"https:\/\/www.hydrosciences.org\/wp-content\/uploads\/2023\/08\/HSM-Site-Identity.png\",\"contentUrl\":\"https:\/\/www.hydrosciences.org\/wp-content\/uploads\/2023\/08\/HSM-Site-Identity.png\",\"width\":350,\"height\":100,\"caption\":\"HydroSciences Montpellier\"},\"image\":{\"@id\":\"https:\/\/www.hydrosciences.org\/#\/schema\/logo\/image\/\"}}]}<\/script>\n<!-- \/ Yoast SEO plugin. -->","yoast_head_json":{"title":"Equality - HydroSciences Montpellier","robots":{"index":"index","follow":"follow","max-snippet":"max-snippet:-1","max-image-preview":"max-image-preview:large","max-video-preview":"max-video-preview:-1"},"canonical":"https:\/\/www.hydrosciences.org\/?page_id=6905&lang=en","og_locale":"fr_FR","og_type":"article","og_title":"Equality - HydroSciences Montpellier","og_description":"Equality HSM s&rsquo;engage dans la lutte des violences sexistes, sexuelles et contre toute discrimination. Le groupe \u00ab\u00a0\u00e9galit\u00e9\u00a0\u00bb ouvert \u00e0 tous est constitu\u00e9 d&rsquo;une quinzaine d&rsquo;agents.\u00a0 Son objectif : Contribuer \u00e0 la lutte contre les in\u00e9galit\u00e9s Femme-Homme, les violences sexistes et sexuelles (VSS), toutes discriminations et harc\u00e8lement moral au travail. Ses missions : Sensibiliser le personnel &hellip; Equality Lire la suite \u00bb","og_url":"https:\/\/www.hydrosciences.org\/?page_id=6905&lang=en","og_site_name":"HydroSciences Montpellier","article_modified_time":"2024-10-31T14:06:01+00:00","twitter_card":"summary_large_image","twitter_misc":{"Dur\u00e9e de lecture estim\u00e9e":"1 minute"},"schema":{"@context":"https:\/\/schema.org","@graph":[{"@type":"WebPage","@id":"https:\/\/www.hydrosciences.org\/?page_id=6905&lang=en","url":"https:\/\/www.hydrosciences.org\/?page_id=6905&lang=en","name":"Equality - HydroSciences Montpellier","isPartOf":{"@id":"https:\/\/www.hydrosciences.org\/#website"},"datePublished":"2024-10-31T14:00:23+00:00","dateModified":"2024-10-31T14:06:01+00:00","breadcrumb":{"@id":"https:\/\/www.hydrosciences.org\/?page_id=6905&lang=en#breadcrumb"},"inLanguage":"fr-FR","potentialAction":[{"@type":"ReadAction","target":["https:\/\/www.hydrosciences.org\/?page_id=6905&lang=en"]}]},{"@type":"BreadcrumbList","@id":"https:\/\/www.hydrosciences.org\/?page_id=6905&lang=en#breadcrumb","itemListElement":[{"@type":"ListItem","position":1,"name":"Home","item":"https:\/\/www.hydrosciences.org\/?lang=fr"},{"@type":"ListItem","position":2,"name":"Equality"}]},{"@type":"WebSite","@id":"https:\/\/www.hydrosciences.org\/#website","url":"https:\/\/www.hydrosciences.org\/","name":"HydroSciences Montpellier","description":"","publisher":{"@id":"https:\/\/www.hydrosciences.org\/#organization"},"potentialAction":[{"@type":"SearchAction","target":{"@type":"EntryPoint","urlTemplate":"https:\/\/www.hydrosciences.org\/?s={search_term_string}"},"query-input":{"@type":"PropertyValueSpecification","valueRequired":true,"valueName":"search_term_string"}}],"inLanguage":"fr-FR"},{"@type":"Organization","@id":"https:\/\/www.hydrosciences.org\/#organization","name":"HydroSciences Montpellier","url":"https:\/\/www.hydrosciences.org\/","logo":{"@type":"ImageObject","inLanguage":"fr-FR","@id":"https:\/\/www.hydrosciences.org\/#\/schema\/logo\/image\/","url":"https:\/\/www.hydrosciences.org\/wp-content\/uploads\/2023\/08\/HSM-Site-Identity.png","contentUrl":"https:\/\/www.hydrosciences.org\/wp-content\/uploads\/2023\/08\/HSM-Site-Identity.png","width":350,"height":100,"caption":"HydroSciences Montpellier"},"image":{"@id":"https:\/\/www.hydrosciences.org\/#\/schema\/logo\/image\/"}}]}},"_links":{"self":[{"href":"https:\/\/www.hydrosciences.org\/index.php?rest_route=\/wp\/v2\/pages\/6905","targetHints":{"allow":["GET"]}}],"collection":[{"href":"https:\/\/www.hydrosciences.org\/index.php?rest_route=\/wp\/v2\/pages"}],"about":[{"href":"https:\/\/www.hydrosciences.org\/index.php?rest_route=\/wp\/v2\/types\/page"}],"author":[{"embeddable":true,"href":"https:\/\/www.hydrosciences.org\/index.php?rest_route=\/wp\/v2\/users\/1"}],"replies":[{"embeddable":true,"href":"https:\/\/www.hydrosciences.org\/index.php?rest_route=%2Fwp%2Fv2%2Fcomments&post=6905"}],"version-history":[{"count":4,"href":"https:\/\/www.hydrosciences.org\/index.php?rest_route=\/wp\/v2\/pages\/6905\/revisions"}],"predecessor-version":[{"id":6910,"href":"https:\/\/www.hydrosciences.org\/index.php?rest_route=\/wp\/v2\/pages\/6905\/revisions\/6910"}],"wp:attachment":[{"href":"https:\/\/www.hydrosciences.org\/index.php?rest_route=%2Fwp%2Fv2%2Fmedia&parent=6905"}],"curies":[{"name":"wp","href":"https:\/\/api.w.org\/{rel}","templated":true}]}}